{"id":62,"date":"2022-10-01T12:09:03","date_gmt":"2022-10-01T10:09:03","guid":{"rendered":"http:\/\/nasenarbeit-hund.ch\/?page_id=62"},"modified":"2025-12-22T20:08:22","modified_gmt":"2025-12-22T19:08:22","slug":"haeufige-fragen","status":"publish","type":"page","link":"https:\/\/mantrailing-basel.ch\/index.php\/haeufige-fragen\/","title":{"rendered":"H\u00e4ufige Fragen"},"content":{"rendered":"\n<h2 class=\"wp-block-heading\"><\/h2>\n\n\n<div class=\"wp-block-image\">\n<figure class=\"aligncenter size-full is-resized\"><img loading=\"lazy\" decoding=\"async\" width=\"640\" height=\"427\" src=\"https:\/\/www.nasenarbeit-hund.ch\/wp-content\/uploads\/2023\/01\/IMG_2646-3Kopie-640x427-Kopie.jpg\" alt=\"\" class=\"wp-image-261\" style=\"width:537px;height:359px\" srcset=\"https:\/\/mantrailing-basel.ch\/wp-content\/uploads\/2023\/01\/IMG_2646-3Kopie-640x427-Kopie.jpg 640w, https:\/\/mantrailing-basel.ch\/wp-content\/uploads\/2023\/01\/IMG_2646-3Kopie-640x427-Kopie-300x200.jpg 300w\" sizes=\"auto, (max-width: 640px) 100vw, 640px\" \/><figcaption class=\"wp-element-caption\">Foto F. Nyffenegger<\/figcaption><\/figure>\n<\/div>\n\n\n<p><strong>Welche Voraussetzungen sollte der HUND mitbringen?<br><\/strong>Keine. Wir haben fast! keine Rasse-Einschr\u00e4nkungen <br>(ausgenommen sind Hunde der Mini- oder Toy-Rassen siehe&nbsp;<a href=\"http:\/\/www.toybreed.com\/\">www.toybreed.com<\/a>&nbsp;<br>unter 4 kg). Lesen Sie hierzu bitte auch einen informativen Artikel  &gt;&nbsp;<a rel=\"noreferrer noopener\" href=\"http:\/\/hundemagazin.ch\/neurologische-probleme-bei-kleinsthunden\/\" target=\"_blank\">hier<\/a>&nbsp;anklicken.<br><br>Ob Mischling, Rassehund, gross, (nicht ganz) klein, jung, alt&#8230;. es sind alle willkommen.<br>Wer Pr\u00fcfungen oder in Hilfsorganisation sp\u00e4tere Realeins\u00e4tze anstrebt, hat sicherlich Vorteile, wenn der Hund nicht zus\u00e4tzlich noch allzu viele, andere Sportarten betreibt. Qualit\u00e4t entsteht durch Spezialisierung auf ein bestimmtes Ziel.<br><\/p>\n\n\n\n<p><strong>Welche Voraussetzungen sollte der MENSCH mitbringen?<br><\/strong>Begeisterungsf\u00e4higkeit, Teamgeist, Freude an der Faszination Hund, menschliche Kollegialit\u00e4t, eine einigermassen gute k\u00f6rperliche Kondition (oft wird gerannt) und ein <strong>eigener PW sind unverzichtbar<\/strong>.<strong><br><\/strong><\/p>\n\n\n\n<p><strong>Sporttrailing, Trailing just for fun oder f\u00fcr sp\u00e4teren Realeinsatz bei Hilfsorganisationen?<br><\/strong>Grunds\u00e4tzlich arbeiten unsere Hunde dank konsequent eingehaltener&nbsp;<strong>Kocher-Methode<\/strong>&nbsp;auf sehr hohem Niveau. Und zwar unabh\u00e4ngig davon, ob sie Mantrailing als Sport oder f\u00fcr einen sp\u00e4teren Realeinsatz betreiben. Denn&nbsp;<strong>f\u00fcr den Hund ist der Unterschied nicht wirklich vorhanden<\/strong>. Es braucht Fokussierung, klare Regeln und enorm viel Motivation. Ob ein Hund im Sportbereich bleibt oder sp\u00e4ter vielleicht Pr\u00fcfungen (Hilfsorganisationen) absolvieren soll steht und f\u00e4llt in der Regel mit den Ambitionen des Hundef\u00fchrers<strong>.<br><br>Anti-Jagd-Erziehung oder Mentales Trailing oder Tracking f\u00fcr Angsthunde?<br><\/strong>Alle Komponenten werden individuell auf den Hund und seine Bed\u00fcrfnisse angepasst.&nbsp;<a href=\"https:\/\/www.nasenarbeit-hund.ch\/index.php\/kontakt\/\" data-type=\"page\" data-id=\"21\">Bitte frage uns an.<\/a><\/p>\n\n\n\n<p><strong>Welche Hunderassen trainieren aktuell bei euch?<\/strong><br>Holl. Sch\u00e4ferhund, Australian Shepherd und Mini-Aussi, Dalmatiner, <br>Bayr. Gebirgsschweisshund, Tscheslow. Wolfshund-Mischling, Cocker Spaniel, Border Terrier, Lagotto, Deutscher Sch\u00e4ferhund, Ostdeutscher Sch\u00e4ferhund, Labrador, Golden Retriever, Siberian und Alaska Husky, Bergamasker, Mischling, Laufhund, Shar-Pei, Tervueren, Sheltie, Vizsla, Weimaraner, Deutsche Dogge, Mittelschnauzer Griffon Bleu.<br>Wir lieben Diversit\u00e4t \ud83d\ude42<br><\/p>\n\n\n<div class=\"wp-block-image\">\n<figure class=\"aligncenter size-large is-resized\"><img loading=\"lazy\" decoding=\"async\" width=\"768\" height=\"1024\" src=\"https:\/\/www.nasenarbeit-hund.ch\/wp-content\/uploads\/2023\/03\/20190421_161220-768x1024.jpg\" alt=\"\" class=\"wp-image-601\" style=\"width:452px;height:602px\" srcset=\"https:\/\/mantrailing-basel.ch\/wp-content\/uploads\/2023\/03\/20190421_161220-768x1024.jpg 768w, https:\/\/mantrailing-basel.ch\/wp-content\/uploads\/2023\/03\/20190421_161220-225x300.jpg 225w, https:\/\/mantrailing-basel.ch\/wp-content\/uploads\/2023\/03\/20190421_161220-1152x1536.jpg 1152w, https:\/\/mantrailing-basel.ch\/wp-content\/uploads\/2023\/03\/20190421_161220-1536x2048.jpg 1536w, https:\/\/mantrailing-basel.ch\/wp-content\/uploads\/2023\/03\/20190421_161220-scaled.jpg 1920w\" sizes=\"auto, (max-width: 767px) 89vw, (max-width: 1000px) 54vw, (max-width: 1071px) 543px, 580px\" \/><figcaption class=\"wp-element-caption\">Foto P. von B\u00fcren<\/figcaption><\/figure>\n<\/div>\n\n\n<p><strong>Was braucht es an &#171;Ausr\u00fcstung&#187; ?<\/strong><\/p>\n\n\n\n<p><strong>&#8230;. f\u00fcr<\/strong> <strong>Mantrailing<\/strong><\/p>\n\n\n\n<ul class=\"wp-block-list\">\n<li>ein bequemes, gut sitzendes Brustgeschirr (mit Zug auf der Brustplatte) <br>Wie wichtig das richtige Brustgeschirr ist kannst du dir in einem Youtube Film <a href=\"https:\/\/youtu.be\/70ntoNYNjr4\">&#171;Dogs in Motion&#187; von Amir Andikfar<\/a> anschauen<\/li>\n\n\n\n<li>eine ca. 8 m lange Leine (keine Roll-Leine), die dem Hundef\u00fchrer bequem in der Hand liegt<\/li>\n\n\n\n<li>Im regul\u00e4ren Training ca. 4 Tupperware-Dosen* (klein) mit &#171;Best\u00e4tigung&#187; (mit Futter gef\u00fcllt), die der Hund nach (!) dem Trail erh\u00e4lt.<br><em>(*Bei Schnupperg\u00e4sten reichen zwei bis drei D\u00f6sli).<\/em><br>Am besten eignet sich Nassfutter, Wienerli, Leberwurst oder Le Parfait oder was immer der Hund&nbsp;<strong><em>sehr gerne<\/em>&nbsp;<\/strong><em><strong>mag.<\/strong><\/em><br>Es sollte m\u00f6glichst kein Trockenfutter sein, damit der Hund sich nicht verschluckt.<\/li>\n\n\n\n<li>Spielzeug f\u00fcr Hunde, die mehr auf Spiel statt auf Futter reagieren.<\/li>\n\n\n\n<li>Ausserdem Wasser f\u00fcr den Hund (und den Menschen), denn Sucharbeit macht&nbsp;bei allen Temperaturen&nbsp;Durst<\/li>\n\n\n\n<li>Gefrierbeutel, verschliessbar, Mindestgr\u00f6sse 2 Liter sowie <\/li>\n\n\n\n<li>Gaze-Kompressen (unsteril und steril) zum Erstellen der Geruchsartikel von der gesuchten Person<br><em>(*Schnupperg\u00e4ste<\/em> <em>brauchen noch keine Gefrierbeutel und Gaze-Kompressen mitzunehmen)<\/em><\/li>\n\n\n\n<li>Wir arbeiten in kleinen Gruppen (max. 6 Teilnehmer)<br><\/li>\n<\/ul>\n\n\n<div class=\"wp-block-image\">\n<figure class=\"aligncenter size-full is-resized\"><img loading=\"lazy\" decoding=\"async\" width=\"640\" height=\"553\" src=\"https:\/\/www.nasenarbeit-hund.ch\/wp-content\/uploads\/2023\/01\/20180606_202106-Kopie-Kopie-640x553-640x553-1.jpg\" alt=\"\" class=\"wp-image-360\" style=\"width:451px;height:388px\" srcset=\"https:\/\/mantrailing-basel.ch\/wp-content\/uploads\/2023\/01\/20180606_202106-Kopie-Kopie-640x553-640x553-1.jpg 640w, https:\/\/mantrailing-basel.ch\/wp-content\/uploads\/2023\/01\/20180606_202106-Kopie-Kopie-640x553-640x553-1-300x259.jpg 300w\" sizes=\"auto, (max-width: 640px) 100vw, 640px\" \/><figcaption class=\"wp-element-caption\">4 bis 5 Futterd\u00f6sli, gef\u00fcllt mit der Futterbelohnung f\u00fcr den Hund<br>Foto Tina Braun<\/figcaption><\/figure>\n<\/div>\n\n\n<p><strong>&#8230;. f\u00fcr Hard Surface Tracking<\/strong><\/p>\n\n\n\n<ul class=\"wp-block-list\">\n<li>ein bequemes, gut sitzendes Brustgeschirr (mit Zug auf der Brustplatte)<\/li>\n\n\n\n<li>eine ca. 5-6 m lange, leichte Leine (keine Roll-Leine), die dem Hundef\u00fchrer bequem in der Hand liegt<\/li>\n\n\n\n<li>Futterbest\u00e4tigung; am besten sehr kleine Trockenfutter-Crispies<br>(beispielsweise stellen die meisten Trockenfutter-Hersteller ihr Futter auch f\u00fcr &#171;small breed&#187; her. Diese Crispies haben meistens die perfekte Gr\u00f6sse)<\/li>\n\n\n\n<li>Spielzeug f\u00fcr Hunde, die nach getaner Arbeit gerne eine kleine &#171;Spielparty&#187; veranstalten<\/li>\n\n\n\n<li>Wasser, Wasser, Wasser f\u00fcr den Hund, denn diese Arbeit ist sehr anstrengend<\/li>\n\n\n\n<li>Wir arbeiten f\u00fcr den Aufbau entweder in Einzelstunden (falls erw\u00fcnscht) oder in Kleinstgruppen von 2 bis 3 Teilnehmern.<\/li>\n\n\n\n<li>Aufbautrainings finden ab ca. M\u00e4rz (kein Bodenfrost mehr) das ganze Jahr hindurch statt.<br><\/li>\n<\/ul>\n\n\n\n<p><strong>&#8230;. f\u00fcr Detection-Training \/ Sp\u00fcrhundetraining<\/strong><\/p>\n\n\n\n<ul class=\"wp-block-list\">\n<li>2 kleine, rote Kongs (Gr\u00f6sse S)<\/li>\n\n\n\n<li>Wasser!<\/li>\n\n\n\n<li>Futterbest\u00e4tigung; am besten sehr kleine Trockenfutter-Crispies<\/li>\n\n\n\n<li>Lieblings-Spielzeug des Hundes (ohne Quietsch-Effekt)<\/li>\n\n\n\n<li>Einzeltrainings oder Kleingruppe m\u00f6glich<\/li>\n\n\n\n<li>F\u00fcr den Aufbau eines &#171;Beginners&#187; nutzen wir die Zeit von M\u00e4rz bis Oktober (resp. temperaturabh\u00e4ngig)<br><\/li>\n<\/ul>\n\n\n\n<p><strong>Teilnahme mit zwei Hunden<br><\/strong>Die Teilnahme mit zwei Hunden gleichzeitig verlangt <strong>im Mantrailing<\/strong> der ganzen Gruppe mehr Einsatz ab, da alle bereit sein m\u00fcssen, sich doppelt als Trail-Leger einsetzen zu lassen. Aber auch f\u00fcr den Hundef\u00fchrer ist es eine doppelte, mentale und k\u00f6rperliche Herausforderung. Wir raten daher grunds\u00e4tzlich davon ab. Wenn es organisitorisch nicht anders m\u00f6glich ist, frage uns bitte mittels Kontaktformular an<strong>,\u00a0<\/strong>damit wir dar\u00fcber reden k\u00f6nnen &#8211; auch mit den anderen Gruppenmitgliedern<strong>.<\/strong><br>Im <strong>Hard Surface Tracking<\/strong> und <strong>Detection-Training<\/strong> steht der Teilnahme mit zwei Hunden nichts im Wege.<strong><br><\/strong><\/p>\n\n\n\n<p><strong>Wo findet die Trainings statt?<br><\/strong>Immer in der Regio BS \/ BL, ausser es wurde ein anderer Ort ausdr\u00fccklich vereinbart.<br><strong>Ein eigenes Auto ist unbedingt erforderlich, da wir nicht immer in OeV N\u00e4he sind und der Hund zwischen den Arbeitseinheiten eine Pause braucht.<\/strong><br>Alle Teilnehmer werden nach erfolgter Anmeldung und Ueberweisung der Kurskosten \u00fcber den genauen Tranings-Ort informiert. Der Ort wechselt st\u00e4ndig und wird dem Ausbildungsstand der Hund-Mensch-Teams angepasst<strong>.<\/strong><\/p>\n\n\n\n<p>Hast du weitere Fragen? Wir freuen uns, dir telefonisch Auskunft zu geben!<\/p>\n","protected":false},"excerpt":{"rendered":"<p>Welche Voraussetzungen sollte der HUND mitbringen?Keine. Wir haben fast! keine Rasse-Einschr\u00e4nkungen (ausgenommen sind Hunde der Mini- oder Toy-Rassen siehe&nbsp;www.toybreed.com&nbsp;unter 4 kg). Lesen Sie hierzu bitte auch einen informativen Artikel &gt;&nbsp;hier&nbsp;anklicken. Ob Mischling, Rassehund, gross, (nicht ganz) klein, jung, alt&#8230;. es sind alle willkommen.Wer Pr\u00fcfungen oder in Hilfsorganisation sp\u00e4tere Realeins\u00e4tze anstrebt, hat sicherlich Vorteile, wenn der &hellip; <\/p>\n<p class=\"link-more\"><a href=\"https:\/\/mantrailing-basel.ch\/index.php\/haeufige-fragen\/\" class=\"more-link\"><span class=\"screen-reader-text\">&#171;H\u00e4ufige Fragen&#187;<\/span> weiterlesen<\/a><\/p>\n","protected":false},"author":3,"featured_media":0,"parent":0,"menu_order":0,"comment_status":"closed","ping_status":"closed","template":"","meta":{"footnotes":""},"class_list":["post-62","page","type-page","status-publish","hentry"],"_links":{"self":[{"href":"https:\/\/mantrailing-basel.ch\/index.php\/wp-json\/wp\/v2\/pages\/62","targetHints":{"allow":["GET"]}}],"collection":[{"href":"https:\/\/mantrailing-basel.ch\/index.php\/wp-json\/wp\/v2\/pages"}],"about":[{"href":"https:\/\/mantrailing-basel.ch\/index.php\/wp-json\/wp\/v2\/types\/page"}],"author":[{"embeddable":true,"href":"https:\/\/mantrailing-basel.ch\/index.php\/wp-json\/wp\/v2\/users\/3"}],"replies":[{"embeddable":true,"href":"https:\/\/mantrailing-basel.ch\/index.php\/wp-json\/wp\/v2\/comments?post=62"}],"version-history":[{"count":35,"href":"https:\/\/mantrailing-basel.ch\/index.php\/wp-json\/wp\/v2\/pages\/62\/revisions"}],"predecessor-version":[{"id":6068,"href":"https:\/\/mantrailing-basel.ch\/index.php\/wp-json\/wp\/v2\/pages\/62\/revisions\/6068"}],"wp:attachment":[{"href":"https:\/\/mantrailing-basel.ch\/index.php\/wp-json\/wp\/v2\/media?parent=62"}],"curies":[{"name":"wp","href":"https:\/\/api.w.org\/{rel}","templated":true}]}}