{"id":57,"date":"2022-10-01T11:56:48","date_gmt":"2022-10-01T09:56:48","guid":{"rendered":"http:\/\/nasenarbeit-hund.ch\/?page_id=57"},"modified":"2025-08-24T18:44:03","modified_gmt":"2025-08-24T16:44:03","slug":"persoenliches","status":"publish","type":"page","link":"https:\/\/mantrailing-basel.ch\/index.php\/persoenliches\/","title":{"rendered":"Pers\u00f6nliches"},"content":{"rendered":"\n<p><strong>Tina Braun<\/strong><br><br>Tierpsychologie und Ethologie mit eigener Praxis seit Dez. 1999<br>(Details siehe&nbsp;Tierpsychologie-Basel)<br>SVEB ADA Modul 3 Anerkennungs-Nr. AKV 186<br>Eigener Hund: <br>Ostdeutscher Sch\u00e4ferhund geb Juli 2019 <br>(Hard Surface Tracking, Mantrailing und Scent Detection)<br>Vorheriger Hund: Deutscher Langhaar-Sch\u00e4ferhund Mai 2007 &#8211; Sept 2018<br>(Gepr\u00fcfter Mantrailing-Hund)<br><\/p>\n\n\n\n<figure class=\"wp-block-image size-large is-resized\"><img loading=\"lazy\" decoding=\"async\" width=\"1024\" height=\"683\" src=\"https:\/\/www.nasenarbeit-hund.ch\/wp-content\/uploads\/2023\/03\/mantrailingbasel-080-1024x683.jpg\" alt=\"\" class=\"wp-image-651\" style=\"width:481px;height:320px\" srcset=\"https:\/\/mantrailing-basel.ch\/wp-content\/uploads\/2023\/03\/mantrailingbasel-080-1024x683.jpg 1024w, https:\/\/mantrailing-basel.ch\/wp-content\/uploads\/2023\/03\/mantrailingbasel-080-300x200.jpg 300w, https:\/\/mantrailing-basel.ch\/wp-content\/uploads\/2023\/03\/mantrailingbasel-080-768x512.jpg 768w, https:\/\/mantrailing-basel.ch\/wp-content\/uploads\/2023\/03\/mantrailingbasel-080-1536x1024.jpg 1536w, https:\/\/mantrailing-basel.ch\/wp-content\/uploads\/2023\/03\/mantrailingbasel-080-2048x1365.jpg 2048w\" sizes=\"auto, (max-width: 767px) 89vw, (max-width: 1000px) 54vw, (max-width: 1071px) 543px, 580px\" \/><figcaption class=\"wp-element-caption\">Buddy (Allegro vom Wolfsmeer) 2007-2018<\/figcaption><\/figure>\n\n\n\n<p><br><br><strong>Schulungen Mantrailing<\/strong><\/p>\n\n\n\n<p><strong>M\u00e4rz 2009:<\/strong>&nbsp;Start eigener Mantrailing-Gruppen mit Hunden aller Rassen<br><strong>Nov. 2009:<\/strong>&nbsp;Seminar bei mantrailing-quality Deutschland, J\u00f6rg Weiss &#8211; NBAS Instruktor<br><strong>Feb. 2010:&nbsp;<\/strong>Seminar mit mantrailing-quality in Basel, J\u00f6rg Weiss &#8211; NBAS Instruktor<br><strong>Nov. 2010:<\/strong>&nbsp;Seminar mit mantrailing-quality in Basel, J\u00f6rg Weiss &#8211; NBAS Instruktor<br><br><strong>Jan. 2011:<\/strong>&nbsp;Wechsel zur Mantrailing Methode nach der &#171;TKM The Kocher Method&#187;,<br>iNBTI National Bloodhound Training Institute USA \/ Pensylvania<br><strong>Okt. 2011:<\/strong>&nbsp;Seminar mit iNBTI Instruktoren Andreas Vogel, Silvia Pagenkemper und<br>Torsten Streubel in Basel, Westlaekenteam<br><strong>April 2012:<\/strong>&nbsp;Seminar der iNBTI in D-Lippstadt mit den Instruktoren Andreas Vogel von<br>Westlaekenteam und Opal Kocher iNBTI USA<br><strong>November 2012<\/strong>: Seminar mit iNBTI Instruktoren Andreas Vogel und Michaela Wegert sowie Torsten Streubel in Basel, Westlaekenteam<br><strong>Juni 2013<\/strong>: 3-Tagesseminar mit iNBTI Pr\u00e4sident Kevin Kocher USA und Instructor Andreas Ebert, Deutschland  in CH-Basel sowie Ernennung Tina Braun zum iNBTI-Assistent Instructor<br><strong>Juni 2014<\/strong>: Seminar (4 Tage) mit iNBTI Pr\u00e4sident Kevin Kocher USA und Instructor Andreas Ebert, Deutschland in CH-Basel<br><strong>Jan. 2015<\/strong>: Ernennung Tina Braun zum INBTI-Instructor<br><strong>M\u00e4rz 2015:<\/strong>&nbsp;Seminar (4 Tage) mit iNBTI Instructor Leutnant Steve Stewart (USA-NC) in CH-Basel<br>(inkl. 1 Tag &#171;Police-Dog&#8217;s Day&#187; mit Hundef\u00fchrern der SES)<br><strong>Okt. 2015:<\/strong>&nbsp;Zwei Advanced Workshops (\u00e0 jeweils 2 Tage) mit iNBTI Leutnant Steve Stewart (USA-NC) in CH- Basel sowie Evaluation und Zertifizierung des eigenen Hundes Buddy (Allegro vom Wolfsmeer) nach iNBTI-Pr\u00fcfungs-Statuten<strong><br>Feb 2018 \/ 2019:&nbsp;<\/strong>Kooperation mit IWDA International Working Dogs Association (workingk9association.com),  Sektor Schweiz \/ Ausbildung Mantrailing<strong><br>M\u00e4rz 2018<\/strong>: Seminar (4 Tage) mit iNBTI Instructoren Michael und Theresa Szelc (USA-VA) in CH-Basel<br><strong>April 2018<\/strong>:&nbsp; Mantrailing Basel Tina Braun gibt den Austritt aus der iNBTI<br><br><\/p>\n\n\n\n<figure class=\"wp-block-image size-large is-resized\"><img loading=\"lazy\" decoding=\"async\" width=\"596\" height=\"1024\" src=\"https:\/\/www.nasenarbeit-hund.ch\/wp-content\/uploads\/2023\/03\/20200525_204533-596x1024.jpg\" alt=\"\" class=\"wp-image-652\" style=\"width:445px;height:765px\" srcset=\"https:\/\/mantrailing-basel.ch\/wp-content\/uploads\/2023\/03\/20200525_204533-596x1024.jpg 596w, https:\/\/mantrailing-basel.ch\/wp-content\/uploads\/2023\/03\/20200525_204533-175x300.jpg 175w, https:\/\/mantrailing-basel.ch\/wp-content\/uploads\/2023\/03\/20200525_204533-768x1319.jpg 768w, https:\/\/mantrailing-basel.ch\/wp-content\/uploads\/2023\/03\/20200525_204533-895x1536.jpg 895w, https:\/\/mantrailing-basel.ch\/wp-content\/uploads\/2023\/03\/20200525_204533-1193x2048.jpg 1193w, https:\/\/mantrailing-basel.ch\/wp-content\/uploads\/2023\/03\/20200525_204533-scaled.jpg 1491w\" sizes=\"auto, (max-width: 596px) 100vw, 596px\" \/><figcaption class=\"wp-element-caption\">Foto P. von B\u00fcren<\/figcaption><\/figure>\n\n\n\n<p><br><br><strong>Ernennung durch den Pr\u00e4sidenten Kevin Kocher von iNBTI<br>Instructor der Mantrailing-Basel<\/strong><br>Jan 2015: Tina Braun<\/p>\n\n\n\n<figure class=\"wp-block-image size-large is-resized\"><img loading=\"lazy\" decoding=\"async\" width=\"1024\" height=\"791\" src=\"https:\/\/www.nasenarbeit-hund.ch\/wp-content\/uploads\/2023\/02\/Certificate-Full-instructor-Tina-Braun-Kopie-1024x791.jpg\" alt=\"\" class=\"wp-image-474\" style=\"width:309px;height:238px\" srcset=\"https:\/\/mantrailing-basel.ch\/wp-content\/uploads\/2023\/02\/Certificate-Full-instructor-Tina-Braun-Kopie-1024x791.jpg 1024w, https:\/\/mantrailing-basel.ch\/wp-content\/uploads\/2023\/02\/Certificate-Full-instructor-Tina-Braun-Kopie-300x232.jpg 300w, https:\/\/mantrailing-basel.ch\/wp-content\/uploads\/2023\/02\/Certificate-Full-instructor-Tina-Braun-Kopie-768x593.jpg 768w, https:\/\/mantrailing-basel.ch\/wp-content\/uploads\/2023\/02\/Certificate-Full-instructor-Tina-Braun-Kopie-1536x1187.jpg 1536w, https:\/\/mantrailing-basel.ch\/wp-content\/uploads\/2023\/02\/Certificate-Full-instructor-Tina-Braun-Kopie-2048x1583.jpg 2048w\" sizes=\"auto, (max-width: 767px) 89vw, (max-width: 1000px) 54vw, (max-width: 1071px) 543px, 580px\" \/><\/figure>\n\n\n\n<figure class=\"wp-block-image size-full is-resized\"><img loading=\"lazy\" decoding=\"async\" width=\"709\" height=\"503\" src=\"https:\/\/www.nasenarbeit-hund.ch\/wp-content\/uploads\/2023\/02\/Certificate-Buddy.jpg\" alt=\"\" class=\"wp-image-476\" style=\"width:360px;height:255px\" srcset=\"https:\/\/mantrailing-basel.ch\/wp-content\/uploads\/2023\/02\/Certificate-Buddy.jpg 709w, https:\/\/mantrailing-basel.ch\/wp-content\/uploads\/2023\/02\/Certificate-Buddy-300x213.jpg 300w\" sizes=\"auto, (max-width: 709px) 100vw, 709px\" \/><\/figure>\n\n\n\n<p><br><br><strong>Ernennung eigener Trainer<\/strong><\/p>\n\n\n\n<p>Feb. 2025: <br>Trainerin Jeannine Girod<br><br>M\u00e4rz 2018:<br>Trainer Ralph Schiely<br><br><strong>Weiterbildungen w\u00e4hrend den &#171;Corona-Jahren&#187; 20\/21<\/strong><br>&#8211; Hilsbos Dog Training &amp; Scent Work Solution; B. Hilsbos + Ch. Witt<br> &#171;Geruchsdifferenzierung Modul 1 &amp; Leadership&#187; \/ M\u00e4rz 2020<br>&#8211; Scent Detection diverse \/ 2020\/21<br>&#8211; Hard Surface Tracking diverse \/ 2020<br><br>Online<strong>-Weiterbildungen 2022<\/strong><br>&#8211; Search Area Analytisis Special Event. Elite level searches, NACSW Oktober 2022<br>&#8211; Verletzungsprophylaxe bei Sport-, Dienst- und Arbeitshunden Mai 2022<\/p>\n\n\n\n<figure class=\"wp-block-image size-large is-resized\"><img loading=\"lazy\" decoding=\"async\" width=\"724\" height=\"1024\" src=\"http:\/\/nasenarbeit-hund.ch\/wp-content\/uploads\/2022\/10\/Teilnahmebesta\u00a8tigung_Verletzungsprophylaxe_Tina-Braun-724x1024.jpg\" alt=\"\" class=\"wp-image-58\" style=\"width:302px;height:427px\" srcset=\"https:\/\/mantrailing-basel.ch\/wp-content\/uploads\/2022\/10\/Teilnahmebesta\u00a8tigung_Verletzungsprophylaxe_Tina-Braun-724x1024.jpg 724w, https:\/\/mantrailing-basel.ch\/wp-content\/uploads\/2022\/10\/Teilnahmebesta\u00a8tigung_Verletzungsprophylaxe_Tina-Braun-212x300.jpg 212w, https:\/\/mantrailing-basel.ch\/wp-content\/uploads\/2022\/10\/Teilnahmebesta\u00a8tigung_Verletzungsprophylaxe_Tina-Braun-768x1087.jpg 768w, https:\/\/mantrailing-basel.ch\/wp-content\/uploads\/2022\/10\/Teilnahmebesta\u00a8tigung_Verletzungsprophylaxe_Tina-Braun-1086x1536.jpg 1086w, https:\/\/mantrailing-basel.ch\/wp-content\/uploads\/2022\/10\/Teilnahmebesta\u00a8tigung_Verletzungsprophylaxe_Tina-Braun-1447x2048.jpg 1447w, https:\/\/mantrailing-basel.ch\/wp-content\/uploads\/2022\/10\/Teilnahmebesta\u00a8tigung_Verletzungsprophylaxe_Tina-Braun-scaled.jpg 1809w\" sizes=\"auto, (max-width: 724px) 100vw, 724px\" \/><\/figure>\n\n\n\n<p>Online <strong>Weiterbildungen 2023<\/strong><br>Dr. Nathaniel Hall, Texas Tech University Lubbock TX USA &#8211; <strong>Effects of Target Odor Frequency on Detection K9 Performance<\/strong><\/p>\n\n\n\n<figure class=\"wp-block-image size-large is-resized\"><img loading=\"lazy\" decoding=\"async\" width=\"1024\" height=\"724\" src=\"https:\/\/mantrailing-basel.ch\/wp-content\/uploads\/2023\/05\/Nathan-Hall-document-1024x724.jpg\" alt=\"\" class=\"wp-image-956\" style=\"width:397px;height:280px\" srcset=\"https:\/\/mantrailing-basel.ch\/wp-content\/uploads\/2023\/05\/Nathan-Hall-document-1024x724.jpg 1024w, https:\/\/mantrailing-basel.ch\/wp-content\/uploads\/2023\/05\/Nathan-Hall-document-300x212.jpg 300w, https:\/\/mantrailing-basel.ch\/wp-content\/uploads\/2023\/05\/Nathan-Hall-document-768x543.jpg 768w, https:\/\/mantrailing-basel.ch\/wp-content\/uploads\/2023\/05\/Nathan-Hall-document-1536x1086.jpg 1536w, https:\/\/mantrailing-basel.ch\/wp-content\/uploads\/2023\/05\/Nathan-Hall-document-2048x1448.jpg 2048w\" sizes=\"auto, (max-width: 767px) 89vw, (max-width: 1000px) 54vw, (max-width: 1071px) 543px, 580px\" \/><\/figure>\n\n\n\n<p><\/p>\n","protected":false},"excerpt":{"rendered":"<p>Tina Braun Tierpsychologie und Ethologie mit eigener Praxis seit Dez. 1999(Details siehe&nbsp;Tierpsychologie-Basel)SVEB ADA Modul 3 Anerkennungs-Nr. AKV 186Eigener Hund: Ostdeutscher Sch\u00e4ferhund geb Juli 2019 (Hard Surface Tracking, Mantrailing und Scent Detection)Vorheriger Hund: Deutscher Langhaar-Sch\u00e4ferhund Mai 2007 &#8211; Sept 2018(Gepr\u00fcfter Mantrailing-Hund) Schulungen Mantrailing M\u00e4rz 2009:&nbsp;Start eigener Mantrailing-Gruppen mit Hunden aller RassenNov. 2009:&nbsp;Seminar bei mantrailing-quality Deutschland, J\u00f6rg &hellip; <\/p>\n<p class=\"link-more\"><a href=\"https:\/\/mantrailing-basel.ch\/index.php\/persoenliches\/\" class=\"more-link\"><span class=\"screen-reader-text\">&#171;Pers\u00f6nliches&#187;<\/span> weiterlesen<\/a><\/p>\n","protected":false},"author":3,"featured_media":0,"parent":0,"menu_order":0,"comment_status":"closed","ping_status":"closed","template":"","meta":{"footnotes":""},"class_list":["post-57","page","type-page","status-publish","hentry"],"_links":{"self":[{"href":"https:\/\/mantrailing-basel.ch\/index.php\/wp-json\/wp\/v2\/pages\/57","targetHints":{"allow":["GET"]}}],"collection":[{"href":"https:\/\/mantrailing-basel.ch\/index.php\/wp-json\/wp\/v2\/pages"}],"about":[{"href":"https:\/\/mantrailing-basel.ch\/index.php\/wp-json\/wp\/v2\/types\/page"}],"author":[{"embeddable":true,"href":"https:\/\/mantrailing-basel.ch\/index.php\/wp-json\/wp\/v2\/users\/3"}],"replies":[{"embeddable":true,"href":"https:\/\/mantrailing-basel.ch\/index.php\/wp-json\/wp\/v2\/comments?post=57"}],"version-history":[{"count":15,"href":"https:\/\/mantrailing-basel.ch\/index.php\/wp-json\/wp\/v2\/pages\/57\/revisions"}],"predecessor-version":[{"id":5267,"href":"https:\/\/mantrailing-basel.ch\/index.php\/wp-json\/wp\/v2\/pages\/57\/revisions\/5267"}],"wp:attachment":[{"href":"https:\/\/mantrailing-basel.ch\/index.php\/wp-json\/wp\/v2\/media?parent=57"}],"curies":[{"name":"wp","href":"https:\/\/api.w.org\/{rel}","templated":true}]}}