{"id":233,"date":"2023-01-04T11:14:05","date_gmt":"2023-01-04T10:14:05","guid":{"rendered":"https:\/\/www.nasenarbeit-hund.ch\/?page_id=233"},"modified":"2025-01-11T22:16:56","modified_gmt":"2025-01-11T21:16:56","slug":"hst-schulterblick-passives-reinschnuppern","status":"publish","type":"page","link":"https:\/\/mantrailing-basel.ch\/index.php\/hst-schulterblick-passives-reinschnuppern\/","title":{"rendered":"HST Hard Surface Tracking Schulterblick"},"content":{"rendered":"\n<p><\/p>\n\n\n\n<p><\/p>\n\n\n\n<p><\/p>\n\n\n<div class=\"wp-block-image\">\n<figure class=\"aligncenter size-large is-resized\"><img loading=\"lazy\" decoding=\"async\" width=\"842\" height=\"1024\" src=\"https:\/\/www.nasenarbeit-hund.ch\/wp-content\/uploads\/2023\/01\/20191130_113758-842x1024.jpg\" alt=\"\" class=\"wp-image-341\" style=\"width:415px;height:504px\" srcset=\"https:\/\/mantrailing-basel.ch\/wp-content\/uploads\/2023\/01\/20191130_113758-842x1024.jpg 842w, https:\/\/mantrailing-basel.ch\/wp-content\/uploads\/2023\/01\/20191130_113758-247x300.jpg 247w, https:\/\/mantrailing-basel.ch\/wp-content\/uploads\/2023\/01\/20191130_113758-768x933.jpg 768w, https:\/\/mantrailing-basel.ch\/wp-content\/uploads\/2023\/01\/20191130_113758-1264x1536.jpg 1264w, https:\/\/mantrailing-basel.ch\/wp-content\/uploads\/2023\/01\/20191130_113758-1685x2048.jpg 1685w, https:\/\/mantrailing-basel.ch\/wp-content\/uploads\/2023\/01\/20191130_113758.jpg 1940w\" sizes=\"auto, (max-width: 767px) 89vw, (max-width: 1000px) 54vw, (max-width: 1071px) 543px, 580px\" \/><figcaption class=\"wp-element-caption\">Foto Tina Braun<\/figcaption><\/figure>\n<\/div>\n\n\n<p><\/p>\n\n\n\n<p><strong>Du bist interessiert und m\u00f6chtest <\/strong>zuvor einen Eindruck vom Hard Surface Tracking gewinnen?<br>Dann kannst du dich sehr gern f\u00fcr einen \u00a0<strong>HST Schulterblick<\/strong>\u00a0&#8211; wie wir es nennen &#8211; anmelden. <br><strong>Wichtig! Wir k\u00f6nnen mit dir kein Training &#171;erproben&#187;<\/strong>, sprich kein &#171;Schnuppertraining&#187; durchf\u00fchren, da die Hunde erst aufgebaut werden m\u00fcssen. Das bedeutet, dass du <strong>passiver Zaungast <\/strong>bei einem Training bist. Wir freuen uns, wenn du dennoch deinen Hund mitbringst und wir schauen uns gerne mittels einer kleinen Spur an, welche Anlagen dein vierbeiniger Teampartner mitbringt.<br><br><strong>Dauer<\/strong>: ca 1 Stunde<br><br><strong>Ort<\/strong>: Region Basel-Stadt \/ Baselland (<strong>eigener PW ist\u00a0unbedingt\u00a0erforderlich<\/strong>)<br><br><strong>Teilnahmegeb\u00fchr CHF 40.&#8211; bar am Schnuppertraining zu begleichen<\/strong>.<br><br><strong>Was ist mitzubringen? <\/strong>Da du deinen Hund zum Kennenlernen mitbringst, macht es Sinn, ein gut sitzendes Brustgeschirr, eine leichte, +\/- 6 metrige Leine und ein paar Goodies mitzunehmen.<br><strong><br>Termin<\/strong>: Anmeldung jederzeit m\u00f6glich! (<strong>*<\/strong>) Den Termin stimmen wir mit dir individuell ab.<\/p>\n\n\n\n<p>Hier geht&#8217;s zur <strong><a href=\"https:\/\/mantrailing-basel.ch\/index.php\/anmeldung\/\" data-type=\"page\" data-id=\"154\">Anmeldung<\/a><\/strong><\/p>\n","protected":false},"excerpt":{"rendered":"<p>Du bist interessiert und m\u00f6chtest zuvor einen Eindruck vom Hard Surface Tracking gewinnen?Dann kannst du dich sehr gern f\u00fcr einen \u00a0HST Schulterblick\u00a0&#8211; wie wir es nennen &#8211; anmelden. Wichtig! Wir k\u00f6nnen mit dir kein Training &#171;erproben&#187;, sprich kein &#171;Schnuppertraining&#187; durchf\u00fchren, da die Hunde erst aufgebaut werden m\u00fcssen. Das bedeutet, dass du passiver Zaungast bei einem &hellip; <\/p>\n<p class=\"link-more\"><a href=\"https:\/\/mantrailing-basel.ch\/index.php\/hst-schulterblick-passives-reinschnuppern\/\" class=\"more-link\"><span class=\"screen-reader-text\">&#171;HST Hard Surface Tracking Schulterblick&#187;<\/span> weiterlesen<\/a><\/p>\n","protected":false},"author":3,"featured_media":0,"parent":0,"menu_order":0,"comment_status":"closed","ping_status":"closed","template":"","meta":{"footnotes":""},"class_list":["post-233","page","type-page","status-publish","hentry"],"_links":{"self":[{"href":"https:\/\/mantrailing-basel.ch\/index.php\/wp-json\/wp\/v2\/pages\/233","targetHints":{"allow":["GET"]}}],"collection":[{"href":"https:\/\/mantrailing-basel.ch\/index.php\/wp-json\/wp\/v2\/pages"}],"about":[{"href":"https:\/\/mantrailing-basel.ch\/index.php\/wp-json\/wp\/v2\/types\/page"}],"author":[{"embeddable":true,"href":"https:\/\/mantrailing-basel.ch\/index.php\/wp-json\/wp\/v2\/users\/3"}],"replies":[{"embeddable":true,"href":"https:\/\/mantrailing-basel.ch\/index.php\/wp-json\/wp\/v2\/comments?post=233"}],"version-history":[{"count":15,"href":"https:\/\/mantrailing-basel.ch\/index.php\/wp-json\/wp\/v2\/pages\/233\/revisions"}],"predecessor-version":[{"id":3929,"href":"https:\/\/mantrailing-basel.ch\/index.php\/wp-json\/wp\/v2\/pages\/233\/revisions\/3929"}],"wp:attachment":[{"href":"https:\/\/mantrailing-basel.ch\/index.php\/wp-json\/wp\/v2\/media?parent=233"}],"curies":[{"name":"wp","href":"https:\/\/api.w.org\/{rel}","templated":true}]}}