{"id":20,"date":"2022-09-28T18:25:21","date_gmt":"2022-09-28T16:25:21","guid":{"rendered":"http:\/\/nasenarbeit-hund.ch\/?page_id=20"},"modified":"2025-08-24T18:45:54","modified_gmt":"2025-08-24T16:45:54","slug":"ueber-uns","status":"publish","type":"page","link":"https:\/\/mantrailing-basel.ch\/index.php\/ueber-uns\/","title":{"rendered":"\u00dcber uns"},"content":{"rendered":"\n<h2 class=\"wp-block-heading\"><br><strong>Best of Schnappsch\u00fcsse einiger unserer &#171;Gl\u00fccksnasen&#187; <br>vor, w\u00e4hrend und nach der Arbeit<\/strong><br>(ausgew\u00e4hlt aus 135 Fotos von all unserem Teams im Mai 2024)<\/h2>\n\n\n\n<p><br><\/p>\n\n\n\n<figure class=\"wp-block-image size-large is-resized\"><img loading=\"lazy\" decoding=\"async\" width=\"1024\" height=\"768\" src=\"https:\/\/mantrailing-basel.ch\/wp-content\/uploads\/2024\/05\/20230927_185459-1024x768.jpg\" alt=\"\" class=\"wp-image-2577\" style=\"width:451px;height:auto\" srcset=\"https:\/\/mantrailing-basel.ch\/wp-content\/uploads\/2024\/05\/20230927_185459-1024x768.jpg 1024w, https:\/\/mantrailing-basel.ch\/wp-content\/uploads\/2024\/05\/20230927_185459-300x225.jpg 300w, https:\/\/mantrailing-basel.ch\/wp-content\/uploads\/2024\/05\/20230927_185459-768x576.jpg 768w, https:\/\/mantrailing-basel.ch\/wp-content\/uploads\/2024\/05\/20230927_185459-1536x1152.jpg 1536w, https:\/\/mantrailing-basel.ch\/wp-content\/uploads\/2024\/05\/20230927_185459-2048x1536.jpg 2048w\" sizes=\"auto, (max-width: 767px) 89vw, (max-width: 1000px) 54vw, (max-width: 1071px) 543px, 580px\" \/><\/figure>\n\n\n\n<figure class=\"wp-block-image size-large is-resized\"><img loading=\"lazy\" decoding=\"async\" width=\"1024\" height=\"884\" src=\"https:\/\/mantrailing-basel.ch\/wp-content\/uploads\/2024\/05\/3214035c-d44e-48ba-aade-766756d796e8-1024x884.jpg\" alt=\"\" class=\"wp-image-2578\" style=\"width:448px;height:auto\" srcset=\"https:\/\/mantrailing-basel.ch\/wp-content\/uploads\/2024\/05\/3214035c-d44e-48ba-aade-766756d796e8-1024x884.jpg 1024w, https:\/\/mantrailing-basel.ch\/wp-content\/uploads\/2024\/05\/3214035c-d44e-48ba-aade-766756d796e8-300x259.jpg 300w, https:\/\/mantrailing-basel.ch\/wp-content\/uploads\/2024\/05\/3214035c-d44e-48ba-aade-766756d796e8-768x663.jpg 768w, https:\/\/mantrailing-basel.ch\/wp-content\/uploads\/2024\/05\/3214035c-d44e-48ba-aade-766756d796e8.jpg 1126w\" sizes=\"auto, (max-width: 767px) 89vw, (max-width: 1000px) 54vw, (max-width: 1071px) 543px, 580px\" \/><\/figure>\n\n\n\n<figure class=\"wp-block-image size-full is-resized\"><img loading=\"lazy\" decoding=\"async\" width=\"817\" height=\"613\" src=\"https:\/\/mantrailing-basel.ch\/wp-content\/uploads\/2024\/05\/20240319_1513020.jpg\" alt=\"\" class=\"wp-image-2579\" style=\"width:446px;height:auto\" srcset=\"https:\/\/mantrailing-basel.ch\/wp-content\/uploads\/2024\/05\/20240319_1513020.jpg 817w, https:\/\/mantrailing-basel.ch\/wp-content\/uploads\/2024\/05\/20240319_1513020-300x225.jpg 300w, https:\/\/mantrailing-basel.ch\/wp-content\/uploads\/2024\/05\/20240319_1513020-768x576.jpg 768w\" sizes=\"auto, (max-width: 767px) 89vw, (max-width: 1000px) 54vw, (max-width: 1071px) 543px, 580px\" \/><\/figure>\n\n\n\n<figure class=\"wp-block-image size-large is-resized\"><img loading=\"lazy\" decoding=\"async\" width=\"1024\" height=\"976\" src=\"https:\/\/mantrailing-basel.ch\/wp-content\/uploads\/2024\/05\/Darco-1024x976.jpeg\" alt=\"\" class=\"wp-image-2580\" style=\"width:449px;height:auto\" srcset=\"https:\/\/mantrailing-basel.ch\/wp-content\/uploads\/2024\/05\/Darco-1024x976.jpeg 1024w, https:\/\/mantrailing-basel.ch\/wp-content\/uploads\/2024\/05\/Darco-300x286.jpeg 300w, https:\/\/mantrailing-basel.ch\/wp-content\/uploads\/2024\/05\/Darco-768x732.jpeg 768w, https:\/\/mantrailing-basel.ch\/wp-content\/uploads\/2024\/05\/Darco-1536x1464.jpeg 1536w, https:\/\/mantrailing-basel.ch\/wp-content\/uploads\/2024\/05\/Darco.jpeg 2016w\" sizes=\"auto, (max-width: 767px) 89vw, (max-width: 1000px) 54vw, (max-width: 1071px) 543px, 580px\" \/><\/figure>\n\n\n\n<figure class=\"wp-block-image size-full\"><img loading=\"lazy\" decoding=\"async\" width=\"446\" height=\"336\" src=\"https:\/\/mantrailing-basel.ch\/wp-content\/uploads\/2024\/05\/GN_10_Nicole_0002-1.jpg\" alt=\"\" class=\"wp-image-2583\" srcset=\"https:\/\/mantrailing-basel.ch\/wp-content\/uploads\/2024\/05\/GN_10_Nicole_0002-1.jpg 446w, https:\/\/mantrailing-basel.ch\/wp-content\/uploads\/2024\/05\/GN_10_Nicole_0002-1-300x226.jpg 300w\" sizes=\"auto, (max-width: 446px) 100vw, 446px\" \/><\/figure>\n\n\n\n<figure class=\"wp-block-image size-large is-resized\"><img loading=\"lazy\" decoding=\"async\" width=\"1024\" height=\"757\" src=\"https:\/\/mantrailing-basel.ch\/wp-content\/uploads\/2024\/05\/image00005-1024x757.jpeg\" alt=\"\" class=\"wp-image-2584\" style=\"width:448px;height:auto\" srcset=\"https:\/\/mantrailing-basel.ch\/wp-content\/uploads\/2024\/05\/image00005-1024x757.jpeg 1024w, https:\/\/mantrailing-basel.ch\/wp-content\/uploads\/2024\/05\/image00005-300x222.jpeg 300w, https:\/\/mantrailing-basel.ch\/wp-content\/uploads\/2024\/05\/image00005-768x568.jpeg 768w, https:\/\/mantrailing-basel.ch\/wp-content\/uploads\/2024\/05\/image00005.jpeg 1242w\" sizes=\"auto, (max-width: 767px) 89vw, (max-width: 1000px) 54vw, (max-width: 1071px) 543px, 580px\" \/><\/figure>\n\n\n\n<p><\/p>\n\n\n\n<h2 class=\"wp-block-heading\"><strong>Unsere geliebten Vierbeiner zum Kukur Tihar 2023<\/strong><\/h2>\n\n\n\n<figure class=\"wp-block-video\"><video height=\"720\" style=\"aspect-ratio: 1280 \/ 720;\" width=\"1280\" controls src=\"https:\/\/mantrailing-basel.ch\/wp-content\/uploads\/2023\/11\/SupernasenMTB_Nov_23_Audio.mp4\"><\/video><\/figure>\n\n\n\n<p><\/p>\n\n\n\n<p><\/p>\n\n\n\n<p><strong>Mantrailing-Basel<\/strong>&nbsp;geh\u00f6rt zu&nbsp;<strong>Tierpsychologie-Basel.&nbsp;<\/strong>Somit steht bei uns das hundegerechte Aufbauen eines konditionierten und koordinierten Suchverhaltens und die kooperative Beziehung zwischen dem Hund und seinem Menschen im Vordergrund<strong>.<\/strong><br><br>Forschungsarbeiten von Dr. Alexandra Horowitz und Dr. Charlotte Duranton haben gezeigt, dass Hunde, die Nasenarbeit machen d\u00fcrfen, weitaus <em>optimistischer<\/em>*&nbsp; sind als Hunde, die &#171;nur&#187; klassisches Gehorsamstraining machen. Die zwei Forscherinnen belegen damit, dass es f\u00fcr das <em>psychische und physische Wohlbefinden von Hunden<\/em> wichtig ist, eigene Entscheidungen treffen zu d\u00fcrfen und selbstgestimmter agieren zu k\u00f6nnen.<br>(*Optimismus = Eine Lebensauffassung, die alles von der besten Seite betrachtet; heitere, zuversichtliche, lebensbejahende Grundhaltung).<br><\/p>\n\n\n\n<p>Seit M\u00e4rz 2009 ist Mantrailing-Basel Bestandteil unseres Angebots. Bei unserem Training handelt es sich um Komponenten-Training auf reiner Motivationsbasis. <br>Hundehalter, die sich nur \u00fcber Leistungen ihres eigenen Hundes freuen k\u00f6nnen, sind bei uns fehl am Platz. Denn: Wir freuen uns \u00fcber jeden Erfolg jedes einzelnen Hundes!<br>Der Erfolg stellt sich von selbst ein, wenn die Grundlagen der Arbeit verstanden und konsequent umgesetzt werden.<br><br>Unsere ambitionierten und motivierten Hund-Mensch-Teams werden auf Realeinsatz-Basis  gef\u00f6rdert, denn f\u00fcr den Hund gibt es keinen Unterschied zwischen &#171;Spiel&#187; und &#171;Ernst&#187;. Er gibt immer alles. Wir arbeiten unverf\u00e4lscht nach der &#171;The Kocher Method&#187;.<br><br><\/p>\n\n\n\n<p><\/p>\n\n\n\n<p><strong>Weitere Qualifikationen siehe unter&nbsp;&#171;Pers\u00f6nliches&#187;&nbsp;und \u00fcber die Website&nbsp;Tierpsychologie-Basel<\/strong><\/p>\n\n\n\n<h4 class=\"wp-block-heading\">Deine Ansprechpartner w\u00e4hrend den Trainings sind:<br><br><\/h4>\n\n\n<div class=\"wp-block-image is-resized\">\n<figure class=\"aligncenter size-full\"><img loading=\"lazy\" decoding=\"async\" width=\"492\" height=\"328\" src=\"https:\/\/www.nasenarbeit-hund.ch\/wp-content\/uploads\/2023\/02\/Tina-und-Bliss.jpg\" alt=\"\" class=\"wp-image-459\" srcset=\"https:\/\/mantrailing-basel.ch\/wp-content\/uploads\/2023\/02\/Tina-und-Bliss.jpg 492w, https:\/\/mantrailing-basel.ch\/wp-content\/uploads\/2023\/02\/Tina-und-Bliss-300x200.jpg 300w\" sizes=\"auto, (max-width: 492px) 100vw, 492px\" \/><figcaption class=\"wp-element-caption\">Owner und Trainerin Tina Braun mit Bliss<br>Credo: &#171;Work is love made visible&#187; -Khalil Gibran <\/figcaption><\/figure>\n<\/div>\n\n<div class=\"wp-block-image is-resized\">\n<figure class=\"aligncenter size-full\"><img loading=\"lazy\" decoding=\"async\" width=\"354\" height=\"482\" src=\"https:\/\/www.nasenarbeit-hund.ch\/wp-content\/uploads\/2023\/02\/Ralph-und-Duke.jpg\" alt=\"\" class=\"wp-image-460\" srcset=\"https:\/\/mantrailing-basel.ch\/wp-content\/uploads\/2023\/02\/Ralph-und-Duke.jpg 354w, https:\/\/mantrailing-basel.ch\/wp-content\/uploads\/2023\/02\/Ralph-und-Duke-220x300.jpg 220w\" sizes=\"auto, (max-width: 354px) 100vw, 354px\" \/><figcaption class=\"wp-element-caption\">Co-Trainer Ralph Schiely mit Duke<br>Seit 2010 dabei<\/figcaption><\/figure>\n<\/div>\n\n<div class=\"wp-block-image\">\n<figure class=\"aligncenter size-full is-resized\"><img loading=\"lazy\" decoding=\"async\" width=\"502\" height=\"684\" src=\"https:\/\/mantrailing-basel.ch\/wp-content\/uploads\/2025\/02\/threema-20230513-150653036.jpg\" alt=\"\" class=\"wp-image-4042\" style=\"width:360px;height:auto\" srcset=\"https:\/\/mantrailing-basel.ch\/wp-content\/uploads\/2025\/02\/threema-20230513-150653036.jpg 502w, https:\/\/mantrailing-basel.ch\/wp-content\/uploads\/2025\/02\/threema-20230513-150653036-220x300.jpg 220w\" sizes=\"auto, (max-width: 502px) 100vw, 502px\" \/><figcaption class=\"wp-element-caption\">Co-Trainerin Jeannine Girod mit Suleima<br>Seit 2018 dabei<\/figcaption><\/figure>\n<\/div>\n\n\n<p><br><br><br><strong>Publikationen:<\/strong><br><br>BZ Artikel 09.09.2014<br><a rel=\"noreferrer noopener\" href=\"https:\/\/www.nasenarbeit-hund.ch\/wp-content\/uploads\/2023\/02\/Starke-Nase-Basler-Spuerhund-Buddy-sucht-nach-vermissten-Menschen.pdf\" data-type=\"attachment\" data-id=\"483\" target=\"_blank\">Starke Nase<\/a><\/p>\n\n\n\n<p>BZ Artikel Oktober 2015<br><a href=\"https:\/\/mantrailing-basel.ch\/wp-content\/uploads\/2023\/02\/Hundehasser-Giftkoeder_-Verfahren-wegen-Tierquaelerei-eroeffnet.pdf\">Hundehasser und Giftk\u00f6der<\/a><\/p>\n\n\n\n<p><a href=\"https:\/\/www.nasenarbeit-hund.ch\/wp-content\/uploads\/2023\/02\/BSiNMantrailing.jpg\" data-type=\"attachment\" data-id=\"466\">Artikel von Mirjam Wiederkehr<\/a><br>ver\u00f6ffentlicht und Copyright Newsletter der BSiN Berner Sennenhunde in Not Schweiz<br>www.berner-sennenhunde-in-not.ch<br><br><a href=\"https:\/\/mantrailing-basel.ch\/wp-content\/uploads\/2023\/02\/Mantrailing-Anita.pdf\">Artikel Anita Keller<\/a>&nbsp;ver\u00f6ffentlicht in &#171;Hundeschulpost&#187;<\/p>\n\n\n\n<p><a href=\"https:\/\/mantrailing-basel.ch\/wp-content\/uploads\/2023\/02\/img056.pdf\">Artikel Zeitschrift &#171;Geliebte Katze&#187;<\/a> <br>Ein geliebter Ausreisser kommt dank unseren Hunden wieder in die Arme seiner Besitzer<\/p>\n","protected":false},"excerpt":{"rendered":"<p>Best of Schnappsch\u00fcsse einiger unserer &#171;Gl\u00fccksnasen&#187; vor, w\u00e4hrend und nach der Arbeit(ausgew\u00e4hlt aus 135 Fotos von all unserem Teams im Mai 2024) Unsere geliebten Vierbeiner zum Kukur Tihar 2023 Mantrailing-Basel&nbsp;geh\u00f6rt zu&nbsp;Tierpsychologie-Basel.&nbsp;Somit steht bei uns das hundegerechte Aufbauen eines konditionierten und koordinierten Suchverhaltens und die kooperative Beziehung zwischen dem Hund und seinem Menschen im Vordergrund. Forschungsarbeiten &hellip; <\/p>\n<p class=\"link-more\"><a href=\"https:\/\/mantrailing-basel.ch\/index.php\/ueber-uns\/\" class=\"more-link\"><span class=\"screen-reader-text\">&#171;\u00dcber uns&#187;<\/span> weiterlesen<\/a><\/p>\n","protected":false},"author":3,"featured_media":0,"parent":0,"menu_order":0,"comment_status":"closed","ping_status":"closed","template":"","meta":{"footnotes":""},"class_list":["post-20","page","type-page","status-publish","hentry"],"_links":{"self":[{"href":"https:\/\/mantrailing-basel.ch\/index.php\/wp-json\/wp\/v2\/pages\/20","targetHints":{"allow":["GET"]}}],"collection":[{"href":"https:\/\/mantrailing-basel.ch\/index.php\/wp-json\/wp\/v2\/pages"}],"about":[{"href":"https:\/\/mantrailing-basel.ch\/index.php\/wp-json\/wp\/v2\/types\/page"}],"author":[{"embeddable":true,"href":"https:\/\/mantrailing-basel.ch\/index.php\/wp-json\/wp\/v2\/users\/3"}],"replies":[{"embeddable":true,"href":"https:\/\/mantrailing-basel.ch\/index.php\/wp-json\/wp\/v2\/comments?post=20"}],"version-history":[{"count":67,"href":"https:\/\/mantrailing-basel.ch\/index.php\/wp-json\/wp\/v2\/pages\/20\/revisions"}],"predecessor-version":[{"id":4046,"href":"https:\/\/mantrailing-basel.ch\/index.php\/wp-json\/wp\/v2\/pages\/20\/revisions\/4046"}],"wp:attachment":[{"href":"https:\/\/mantrailing-basel.ch\/index.php\/wp-json\/wp\/v2\/media?parent=20"}],"curies":[{"name":"wp","href":"https:\/\/api.w.org\/{rel}","templated":true}]}}