{"id":2,"date":"2022-09-17T14:13:47","date_gmt":"2022-09-17T12:13:47","guid":{"rendered":"http:\/\/nasenarbeit-hund.ch\/?page_id=2"},"modified":"2025-12-22T20:19:09","modified_gmt":"2025-12-22T19:19:09","slug":"beispiel-seite","status":"publish","type":"page","link":"https:\/\/mantrailing-basel.ch\/","title":{"rendered":"Home"},"content":{"rendered":"\n<p><\/p>\n\n\n\n<h2 class=\"wp-block-heading has-text-align-center\"><strong><a href=\"https:\/\/mantrailing-basel.ch\/index.php\/mantrailing-einsteiger-und-fortgeschrittene\/\" data-type=\"page\" data-id=\"105\">MANTRAILING<\/a><\/strong><br><br><strong><a href=\"https:\/\/mantrailing-basel.ch\/index.php\/mantrailing-einsteiger-und-fortgeschrittene\/\" data-type=\"page\" data-id=\"105\"> Aus-\/ Weiterbildung und regelm\u00e4ssige Trainings<\/a><\/strong> <br><strong>F\u00fcr <a href=\"https:\/\/mantrailing-basel.ch\/index.php\/mantrailing-fuer-puppies-und-youngster\/\" data-type=\"page\" data-id=\"100\">Welpen<\/a>, <a href=\"https:\/\/mantrailing-basel.ch\/index.php\/mantrailing-fuer-puppies-und-youngster\/\" data-type=\"page\" data-id=\"100\">Junghunde<\/a> und <\/strong><br><strong>erwachsene <a href=\"https:\/\/mantrailing-basel.ch\/index.php\/mantrailing-einsteiger-und-fortgeschrittene\/\" data-type=\"page\" data-id=\"105\">Hunde jeden Alters<\/a><\/strong> (Sport- und Familienhunde)<strong><br><\/strong>Seit 2009 f\u00fchrend in der Region beider Basel<\/h2>\n\n\n\n<h3 class=\"wp-block-heading has-text-align-center has-black-color has-text-color has-link-color wp-elements-942f36831effb5bf1f3ab0f69056f777\"><strong>Training nach der Original Kocher Methode (TKM)<\/strong><\/h3>\n\n\n\n<p><\/p>\n\n\n\n<h2 class=\"wp-block-heading has-text-align-center has-vivid-red-color has-text-color has-link-color wp-elements-881083c25a32f4c9c89835b7f9bf9a89\"><strong>Wir alle w\u00fcnschen<\/strong><br><strong>Frohe Weihnachten und einen guten Start ins Neue Jahr!<\/strong><\/h2>\n\n\n\n<p><\/p>\n\n\n<div class=\"wp-block-image\">\n<figure class=\"aligncenter size-large is-resized\"><img loading=\"lazy\" decoding=\"async\" width=\"819\" height=\"1024\" src=\"https:\/\/mantrailing-basel.ch\/wp-content\/uploads\/2025\/12\/264439330_640933027272100_4925635948609250467_n-819x1024.jpg\" alt=\"\" class=\"wp-image-6059\" style=\"aspect-ratio:0.7998101225070522;width:410px;height:auto\" srcset=\"https:\/\/mantrailing-basel.ch\/wp-content\/uploads\/2025\/12\/264439330_640933027272100_4925635948609250467_n-819x1024.jpg 819w, https:\/\/mantrailing-basel.ch\/wp-content\/uploads\/2025\/12\/264439330_640933027272100_4925635948609250467_n-240x300.jpg 240w, https:\/\/mantrailing-basel.ch\/wp-content\/uploads\/2025\/12\/264439330_640933027272100_4925635948609250467_n-768x960.jpg 768w, https:\/\/mantrailing-basel.ch\/wp-content\/uploads\/2025\/12\/264439330_640933027272100_4925635948609250467_n.jpg 1200w\" sizes=\"auto, (max-width: 767px) 89vw, (max-width: 1000px) 54vw, (max-width: 1071px) 543px, 580px\" \/><\/figure>\n<\/div>\n\n\n<p><\/p>\n\n\n\n<p><\/p>\n\n\n\n<h3 class=\"wp-block-heading has-text-align-center\">Trainings f\u00fcr Hunde ab 3 Monaten bis 13 Jahren (und \u00e4lter) ein Riesen-Spass!<\/h3>\n\n\n<div class=\"wp-block-image\">\n<figure class=\"aligncenter size-large is-resized\"><img loading=\"lazy\" decoding=\"async\" width=\"1024\" height=\"768\" src=\"https:\/\/mantrailing-basel.ch\/wp-content\/uploads\/2024\/05\/20230919_152203-1024x768.jpg\" alt=\"\" class=\"wp-image-2550\" style=\"width:469px;height:auto\" srcset=\"https:\/\/mantrailing-basel.ch\/wp-content\/uploads\/2024\/05\/20230919_152203-1024x768.jpg 1024w, https:\/\/mantrailing-basel.ch\/wp-content\/uploads\/2024\/05\/20230919_152203-300x225.jpg 300w, https:\/\/mantrailing-basel.ch\/wp-content\/uploads\/2024\/05\/20230919_152203-768x576.jpg 768w, https:\/\/mantrailing-basel.ch\/wp-content\/uploads\/2024\/05\/20230919_152203-1536x1152.jpg 1536w, https:\/\/mantrailing-basel.ch\/wp-content\/uploads\/2024\/05\/20230919_152203-2048x1536.jpg 2048w\" sizes=\"auto, (max-width: 767px) 89vw, (max-width: 1000px) 54vw, (max-width: 1071px) 543px, 580px\" \/><\/figure>\n<\/div>\n\n\n<h3 class=\"wp-block-heading has-text-align-center has-black-color has-text-color\"><\/h3>\n\n\n<div class=\"wp-block-image is-style-rounded\">\n<figure class=\"aligncenter size-large is-resized\"><img loading=\"lazy\" decoding=\"async\" width=\"1024\" height=\"724\" src=\"https:\/\/www.nasenarbeit-hund.ch\/wp-content\/uploads\/2023\/01\/seminar-kevin-018-1024x724.jpg\" alt=\"\" class=\"wp-image-376\" style=\"width:205px;height:145px\" srcset=\"https:\/\/mantrailing-basel.ch\/wp-content\/uploads\/2023\/01\/seminar-kevin-018-1024x724.jpg 1024w, https:\/\/mantrailing-basel.ch\/wp-content\/uploads\/2023\/01\/seminar-kevin-018-300x212.jpg 300w, https:\/\/mantrailing-basel.ch\/wp-content\/uploads\/2023\/01\/seminar-kevin-018-768x543.jpg 768w, https:\/\/mantrailing-basel.ch\/wp-content\/uploads\/2023\/01\/seminar-kevin-018.jpg 1487w\" sizes=\"auto, (max-width: 767px) 89vw, (max-width: 1000px) 54vw, (max-width: 1071px) 543px, 580px\" \/><figcaption class=\"wp-element-caption\">In Memoriam Kevin John Kocher, <br>Begr\u00fcnder der TKM* und Autor des Buches &#171;How to train a Police Bloodhound&#187;<br> (*The Kocher Method) <br><\/figcaption><\/figure>\n<\/div>\n\n\n<h2 class=\"wp-block-heading has-text-align-center\"><strong>WEITERE NASENARBEIT F\u00dcR JEDERHUND!<\/strong><br>Wir machen Gl\u00fccksnasen! Und wir lieben es!<\/h2>\n\n\n\n<p><\/p>\n\n\n\n<h2 class=\"wp-block-heading has-text-align-center\">Schau dir den Bereich <a href=\"https:\/\/mantrailing-basel.ch\/wp-content\/uploads\/2023\/01\/ALL-YOU-CAN-SNIFF-Untertitel-Kopie-640x574-1.jpg\" data-type=\"attachment\" data-id=\"294\"><strong>&#171;All you can sniff<\/strong>&#171;<\/a> an.<br>Hier findest du <strong>weitere, tolle M\u00f6glichkeiten<\/strong>, deinen Hund mittels <strong>Nasenarbeit <\/strong>gl\u00fccklich und ausgeglichen zu machen:<br><\/h2>\n\n\n<div class=\"wp-block-image\">\n<figure class=\"aligncenter size-full is-resized\"><img loading=\"lazy\" decoding=\"async\" width=\"640\" height=\"574\" src=\"https:\/\/www.nasenarbeit-hund.ch\/wp-content\/uploads\/2023\/01\/ALL-YOU-CAN-SNIFF-Untertitel-Kopie-640x574-1.jpg\" alt=\"\" class=\"wp-image-294\" style=\"aspect-ratio:1.1169590643274854;width:500px;height:auto\" srcset=\"https:\/\/mantrailing-basel.ch\/wp-content\/uploads\/2023\/01\/ALL-YOU-CAN-SNIFF-Untertitel-Kopie-640x574-1.jpg 640w, https:\/\/mantrailing-basel.ch\/wp-content\/uploads\/2023\/01\/ALL-YOU-CAN-SNIFF-Untertitel-Kopie-640x574-1-300x269.jpg 300w\" sizes=\"auto, (max-width: 640px) 100vw, 640px\" \/><figcaption class=\"wp-element-caption\">Fotograf Titelbild und Nase: F. Nyffenegger<\/figcaption><\/figure>\n<\/div>\n\n\n<h2 class=\"wp-block-heading has-text-align-center\"><br><strong><a href=\"https:\/\/mantrailing-basel.ch\/index.php\/hard-surface-tracking\/\" data-type=\"page\" data-id=\"117\">Hard Surface Tracking<\/a><\/strong><\/h2>\n\n\n<div class=\"wp-block-image\">\n<figure class=\"aligncenter size-large is-resized\"><img loading=\"lazy\" decoding=\"async\" width=\"1024\" height=\"753\" src=\"https:\/\/www.nasenarbeit-hund.ch\/wp-content\/uploads\/2023\/03\/20210114_213235-1024x753.jpg\" alt=\"\" class=\"wp-image-639\" style=\"aspect-ratio:1.3612903225806452;width:494px;height:auto\" srcset=\"https:\/\/mantrailing-basel.ch\/wp-content\/uploads\/2023\/03\/20210114_213235-1024x753.jpg 1024w, https:\/\/mantrailing-basel.ch\/wp-content\/uploads\/2023\/03\/20210114_213235-300x221.jpg 300w, https:\/\/mantrailing-basel.ch\/wp-content\/uploads\/2023\/03\/20210114_213235-768x565.jpg 768w, https:\/\/mantrailing-basel.ch\/wp-content\/uploads\/2023\/03\/20210114_213235-1536x1130.jpg 1536w, https:\/\/mantrailing-basel.ch\/wp-content\/uploads\/2023\/03\/20210114_213235.jpg 1864w\" sizes=\"auto, (max-width: 767px) 89vw, (max-width: 1000px) 54vw, (max-width: 1071px) 543px, 580px\" \/><figcaption class=\"wp-element-caption\">Foto J. Girod<\/figcaption><\/figure>\n<\/div>\n\n\n<h2 class=\"wp-block-heading has-text-align-center\">sowie<br><br><br><strong><a href=\"https:\/\/mantrailing-basel.ch\/index.php\/scent-detection-spuerhunde-training\/\" data-type=\"page\" data-id=\"110\">Scent Detection (Sp\u00fcrhunde-Trainings)<\/a><\/strong><\/h2>\n\n\n\n<p><\/p>\n\n\n\n<figure class=\"wp-block-image size-large\"><img loading=\"lazy\" decoding=\"async\" width=\"965\" height=\"1024\" src=\"https:\/\/mantrailing-basel.ch\/wp-content\/uploads\/2024\/12\/Bliss-SD_TR_06_12_24-965x1024.jpg\" alt=\"\" class=\"wp-image-3699\" srcset=\"https:\/\/mantrailing-basel.ch\/wp-content\/uploads\/2024\/12\/Bliss-SD_TR_06_12_24-965x1024.jpg 965w, https:\/\/mantrailing-basel.ch\/wp-content\/uploads\/2024\/12\/Bliss-SD_TR_06_12_24-283x300.jpg 283w, https:\/\/mantrailing-basel.ch\/wp-content\/uploads\/2024\/12\/Bliss-SD_TR_06_12_24-768x815.jpg 768w, https:\/\/mantrailing-basel.ch\/wp-content\/uploads\/2024\/12\/Bliss-SD_TR_06_12_24.jpg 1079w\" sizes=\"auto, (max-width: 767px) 89vw, (max-width: 1000px) 54vw, (max-width: 1071px) 543px, 580px\" \/><figcaption class=\"wp-element-caption\">Foto N. Wettstein<\/figcaption><\/figure>\n\n\n\n<div class=\"wp-block-cover aligncenter\"><img loading=\"lazy\" decoding=\"async\" width=\"1024\" height=\"796\" class=\"wp-block-cover__image-background wp-image-2551\" alt=\"\" src=\"https:\/\/mantrailing-basel.ch\/wp-content\/uploads\/2024\/05\/20231006_103706-1024x796.jpg\" data-object-fit=\"cover\" srcset=\"https:\/\/mantrailing-basel.ch\/wp-content\/uploads\/2024\/05\/20231006_103706-1024x796.jpg 1024w, https:\/\/mantrailing-basel.ch\/wp-content\/uploads\/2024\/05\/20231006_103706-300x233.jpg 300w, https:\/\/mantrailing-basel.ch\/wp-content\/uploads\/2024\/05\/20231006_103706-768x597.jpg 768w, https:\/\/mantrailing-basel.ch\/wp-content\/uploads\/2024\/05\/20231006_103706-1536x1194.jpg 1536w, https:\/\/mantrailing-basel.ch\/wp-content\/uploads\/2024\/05\/20231006_103706.jpg 1978w\" sizes=\"auto, (max-width: 767px) 89vw, (max-width: 1000px) 54vw, (max-width: 1071px) 543px, 580px\" \/><span aria-hidden=\"true\" class=\"wp-block-cover__background has-background-dim\"><\/span><div class=\"wp-block-cover__inner-container is-layout-flow wp-block-cover-is-layout-flow\">\n<p class=\"has-text-align-center has-large-font-size\">Neu!  Sp\u00fcrhunde-Training Probetrainings!<br><\/p>\n<\/div><\/div>\n\n\n\n<p class=\"has-text-align-center\"><a href=\"https:\/\/mantrailing-basel.ch\/index.php\/mitgliederbereich-sd\/\" data-type=\"page\" data-id=\"536\"><strong>Weitere Informationein hierzu unter SD Scent Detection Probetrainings<\/strong><\/a><\/p>\n\n\n\n<p class=\"has-text-align-center has-black-color has-text-color has-link-color wp-elements-31ef8a46bf82daa30dab4b6adf99fd54\"><\/p>\n\n\n<div class=\"wp-block-image\">\n<figure class=\"aligncenter size-large is-resized\"><img loading=\"lazy\" decoding=\"async\" width=\"813\" height=\"1024\" src=\"https:\/\/www.nasenarbeit-hund.ch\/wp-content\/uploads\/2023\/03\/176210254_290897539264372_7169988953793012213_n-813x1024.jpg\" alt=\"\" class=\"wp-image-638\" style=\"aspect-ratio:0.7954110898661568;width:487px;height:auto\" srcset=\"https:\/\/mantrailing-basel.ch\/wp-content\/uploads\/2023\/03\/176210254_290897539264372_7169988953793012213_n-813x1024.jpg 813w, https:\/\/mantrailing-basel.ch\/wp-content\/uploads\/2023\/03\/176210254_290897539264372_7169988953793012213_n-238x300.jpg 238w, https:\/\/mantrailing-basel.ch\/wp-content\/uploads\/2023\/03\/176210254_290897539264372_7169988953793012213_n-768x967.jpg 768w, https:\/\/mantrailing-basel.ch\/wp-content\/uploads\/2023\/03\/176210254_290897539264372_7169988953793012213_n.jpg 940w\" sizes=\"auto, (max-width: 767px) 89vw, (max-width: 1000px) 54vw, (max-width: 1071px) 543px, 580px\" \/><figcaption class=\"wp-element-caption\">Foto Tina Braun<\/figcaption><\/figure>\n<\/div>\n\n<div class=\"wp-block-image\">\n<figure class=\"aligncenter size-large is-resized\"><img loading=\"lazy\" decoding=\"async\" width=\"577\" height=\"1024\" src=\"https:\/\/mantrailing-basel.ch\/wp-content\/uploads\/2024\/12\/threema-20241206-101812004-577x1024.jpg\" alt=\"\" class=\"wp-image-3702\" style=\"width:487px;height:auto\" srcset=\"https:\/\/mantrailing-basel.ch\/wp-content\/uploads\/2024\/12\/threema-20241206-101812004-577x1024.jpg 577w, https:\/\/mantrailing-basel.ch\/wp-content\/uploads\/2024\/12\/threema-20241206-101812004-169x300.jpg 169w, https:\/\/mantrailing-basel.ch\/wp-content\/uploads\/2024\/12\/threema-20241206-101812004-768x1364.jpg 768w, https:\/\/mantrailing-basel.ch\/wp-content\/uploads\/2024\/12\/threema-20241206-101812004-865x1536.jpg 865w, https:\/\/mantrailing-basel.ch\/wp-content\/uploads\/2024\/12\/threema-20241206-101812004-1153x2048.jpg 1153w, https:\/\/mantrailing-basel.ch\/wp-content\/uploads\/2024\/12\/threema-20241206-101812004-scaled.jpg 1441w\" sizes=\"auto, (max-width: 577px) 100vw, 577px\" \/><figcaption class=\"wp-element-caption\">Foto N. Wettstein<\/figcaption><\/figure>\n<\/div>\n\n\n<h2 class=\"wp-block-heading has-text-align-center has-black-color has-text-color has-link-color wp-elements-856a9a9333bdd746f04e989fe770abff\"><br><strong>F\u00fcr weitere Fragen &#8211; ruf an einfach an! <\/strong><br><strong>+41 78 916 4104<\/strong><\/h2>\n\n\n\n<p><\/p>\n","protected":false},"excerpt":{"rendered":"<p>MANTRAILING Aus-\/ Weiterbildung und regelm\u00e4ssige Trainings F\u00fcr Welpen, Junghunde und erwachsene Hunde jeden Alters (Sport- und Familienhunde)Seit 2009 f\u00fchrend in der Region beider Basel Training nach der Original Kocher Methode (TKM) Wir alle w\u00fcnschenFrohe Weihnachten und einen guten Start ins Neue Jahr! Trainings f\u00fcr Hunde ab 3 Monaten bis 13 Jahren (und \u00e4lter) ein Riesen-Spass! &hellip; <\/p>\n<p class=\"link-more\"><a href=\"https:\/\/mantrailing-basel.ch\/\" class=\"more-link\"><span class=\"screen-reader-text\">&#171;Home&#187;<\/span> weiterlesen<\/a><\/p>\n","protected":false},"author":3,"featured_media":0,"parent":0,"menu_order":0,"comment_status":"closed","ping_status":"open","template":"","meta":{"footnotes":""},"class_list":["post-2","page","type-page","status-publish","hentry"],"_links":{"self":[{"href":"https:\/\/mantrailing-basel.ch\/index.php\/wp-json\/wp\/v2\/pages\/2","targetHints":{"allow":["GET"]}}],"collection":[{"href":"https:\/\/mantrailing-basel.ch\/index.php\/wp-json\/wp\/v2\/pages"}],"about":[{"href":"https:\/\/mantrailing-basel.ch\/index.php\/wp-json\/wp\/v2\/types\/page"}],"author":[{"embeddable":true,"href":"https:\/\/mantrailing-basel.ch\/index.php\/wp-json\/wp\/v2\/users\/3"}],"replies":[{"embeddable":true,"href":"https:\/\/mantrailing-basel.ch\/index.php\/wp-json\/wp\/v2\/comments?post=2"}],"version-history":[{"count":78,"href":"https:\/\/mantrailing-basel.ch\/index.php\/wp-json\/wp\/v2\/pages\/2\/revisions"}],"predecessor-version":[{"id":6070,"href":"https:\/\/mantrailing-basel.ch\/index.php\/wp-json\/wp\/v2\/pages\/2\/revisions\/6070"}],"wp:attachment":[{"href":"https:\/\/mantrailing-basel.ch\/index.php\/wp-json\/wp\/v2\/media?parent=2"}],"curies":[{"name":"wp","href":"https:\/\/api.w.org\/{rel}","templated":true}]}}