{"id":189,"date":"2022-10-04T14:09:14","date_gmt":"2022-10-04T12:09:14","guid":{"rendered":"https:\/\/www.nasenarbeit-hund.ch\/?page_id=189"},"modified":"2025-11-27T16:35:59","modified_gmt":"2025-11-27T15:35:59","slug":"agb-und-widerruf","status":"publish","type":"page","link":"https:\/\/mantrailing-basel.ch\/index.php\/agb-und-widerruf\/","title":{"rendered":"AGB und Widerruf"},"content":{"rendered":"\n<h2 class=\"wp-block-heading\"><strong>Allgemeine Gesch\u00e4ftsbedingungen und Widerrufsrecht<\/strong><br>Stand 25.11.2025<\/h2>\n\n\n\n<p><\/p>\n\n\n\n<p>Das Leistungsangebot der Webseite www.mantrailing-basel.ch &nbsp;ist ein Teilbereich der Tierpsychologie M. Braun (der Einfachheit halber in der Folge \u201eMantrailing Basel\u201c genannt) und beh\u00e4lt sich sowohl bei der Nutzung von Erbringung von Leistungen als auch allenfalls genutzten, \u00f6ffentlichen oder geschlossenen \u00d6rtlichkeiten durch ihre Teilnehmer \/ Teilnehmerinnen (der Einfachheit halber in der Folge \u00abDer Teilnehmer\u00bb genannt) vor, diese AGB als eine vertragliche Vereinbarung zu erkl\u00e4ren. Diese AGB gelten ausschliesslich f\u00fcr jegliche Leistungen der Mantrailing Basel. Veranstaltungen, bei denen Mantrailing Basel lediglich Veranstalter ist und die Durchf\u00fchrung Drittpersonen (externen Dozenten) obliegt, sind von dieser Regelung ausgeschlossen.<br>Die Mantrailing Basel beh\u00e4lt sich aus berechtigten, nicht vorhersehbaren und durch Dritte verursachte St\u00f6rungen im Leistungsablauf vor, \u00c4nderungen des Leistungsangebotes vorzunehmen.<\/p>\n\n\n\n<p><strong>Grundlage und Geltungsbereich<\/strong><\/p>\n\n\n\n<p><br>Die folgenden Allgemeinen Gesch\u00e4ftsbedingungen (AGB) sind Grundlage f\u00fcr jede Gesch\u00e4ftsbeziehung mit Mantrailing Basel. Sp\u00e4testens mit der schriftlichen Best\u00e4tigung einer, von Mantrailing Basel akzeptierten Anmeldung gelten diese Bedingungen den Teilnehmenden als angenommen, wenn sie diesen nicht ausdr\u00fccklich wiedersprechen.<\/p>\n\n\n\n<h4 class=\"wp-block-heading\"><strong>Grunds\u00e4tzliche Teilnahmebedingungen f\u00fcr alle Leistungen der Mantrailing Basel<\/strong><br><\/h4>\n\n\n\n<p>1. Teilnahmeberechtigt sind Hunde, die mindestens \u00fcber eine Grundimmunisierung des aktuell g\u00e4ngigen, altersentsprechenden Impfschutzes verf\u00fcgen. Der Nachweis hierzu erfolgt durch unaufgeforderten Vorweis des Impfausweises des teilnehmenden Hundes beim ersten Treffen mit Mantrailing Basel.<br>Die Grundimmunisierung gilt bei Welpen und Seniorenhunden bedingt und erfordert eine vorherige Absprache mit Mantrailing Basel. Beim ersten Treffen legt der Teilnehmer den Impfausweis als Nachweis f\u00fcr seinen Hund vor.<br>2. Der Teilnehmer ist dazu verpflichtet, f\u00fcr jeden mitgef\u00fchrten Hund eine g\u00fcltige Haftpflichtversicherung abzuschliessen. Die Mantrailing Basel beh\u00e4lt sich vor, ohne weitere Begr\u00fcndung die Vorlage der Versicherungspolice zu verlangen.<br>3. Der Teilnehmer ist dazu verpflichtet, die Mantrailing Basel bei der Anmeldung seines Hundes auf allf\u00e4llige k\u00f6rperliche, psychische St\u00f6rungen oder Verhaltensauff\u00e4lligkeiten und \u00fcber allf\u00e4llige, bekannte Krankheiten, Befall von Endo- oder Ektoparasiten oder andere Ansteckungsgefahren zu informieren.<br>4. L\u00e4ufigkeit, Scheintr\u00e4chtigkeit oder Tr\u00e4chtigkeit von teilnehmenden H\u00fcndinnen<br>Der Teilnehmer wird aus organisatorischen Gr\u00fcnden aufgefordert, die Mantrailing Basel \u00fcber eine aktuelle oder bevorstehende L\u00e4ufigkeit oder eine Scheintr\u00e4chtigkeit zu informieren. Die L\u00e4ufigkeit oder eine Scheintr\u00e4chtigkeit einer teilnehmenden H\u00fcndin f\u00fchrt nicht zum Ausschluss der Teilnahme.<br>Tr\u00e4chtige H\u00fcndinnen sind ab dem 20. Tag vor des voraussichtlichen Geburtstermins der Welpen von allen Leistungen der Mantrailing Basel ausgeschlossen.<br>5. Kranke Hunde sind von allen Leistungen der Mantrailing Basel ausgeschlossen.<br>Ausnahmen sind nach vorg\u00e4ngiger Absprache mit einer verantwortlichen Person der Mantrailing Basel m\u00f6glich. Im Zweifelsfall ist Mantrailing Basel berechtigt, eine schriftliche Best\u00e4tigung des behandelnden Tierarztes zu verlangen.<br>6. Der Teilnehmer steht immer und \u00fcberall in der Pflicht der Kotaufnahme des mitgef\u00fchrten Hundes.<br>7. Die Mantrailing Basel beh\u00e4lt sich vor, Interessenten ohne weitere Begr\u00fcndung abzulehnen.<br>8. Der Teilnehmer ist &#8211; insbesondere im Interesse eines reibungslosen Leistungsablaufes &#8211; verpflichtet, den Weisungen der verantwortlichen Person von Mantrailing Basel nachzukommen.<br>9. Beanstandungen sind sofort, unter Angabe der Umst\u00e4nde, des Hergangs bzw. der entstandenen&nbsp; Sch\u00e4den der, f\u00fcr die Leistungserbringung verantwortlichen Person der Mantrailing Basel mitzuteilen. Nach Beendigung des Leistungsanspruchs sind jegliche Anspr\u00fcche ausgeschlossen.<br>10. Mantrailing Basel beh\u00e4lt sich vor, Teilnehmer aufgrund Tierschutz-relevanten Handlungen am eigenen Hund oder anderen Hunden auszuschliessen. Eine R\u00fcckerstattung oder Minderung der Kosten erfolgt nicht.<br>11. F\u00fcr alle Teilnehmer gilt w\u00e4hrend der Teilnahme der Leistungserbringung R\u00fccksichtnahme gegen\u00fcber unbeteiligten Drittpersonen (z.B. Passanten) und Kollegialit\u00e4t gegen\u00fcber anderen Teilnehmern.<br>12. Grobe Zuwiderhandlungen gegen einen oder mehrere Vertragspunkte k\u00f6nnen zum ersatzlosen Ausschluss der Teilnahme f\u00fchren. Wird ein Teilnehmer von einer Leistung aufgrund eigenem Vertragsverstosses (insbesondere tierschutzwidriger Umgang mit einem Hund) ausgeschlossen, besteht kein Recht auf R\u00fcckerstattung oder Ersatz.<br>13. \u00dcber allf\u00e4llige \u00c4nderungen einer aktuell laufenden Leistung werden nur angemeldete Teilnehmer unterrichtet.<br>14. Das Mitbringen einer Begleitperson bedarf aus organisatorischen Gr\u00fcnden der vorherigen Absprache mit Mantrailing Basel.<br>15. Der Teilnehmer tr\u00e4gt vor, w\u00e4hrend und nach jeder Leistungserbringung durch die Mantrailing Basel die alleinige Verantwortung f\u00fcr die Gesundheit des Hundes.<br>16. Der Teilnehmer wird gebeten, f\u00fcr die Dauer einer Leistungserbringung der Mantrailing Basel auf dem Mobiltelefon unter den Kontakten den Eintrag &#171;ICE&#187; (in case of emergency) abzuspeichern. In diesem Eintrag ist die Telefonnummer der Person zu erfassen, die im Falle eines Notfalls kontaktiert werden soll. Diese Massnahme stellt eine grosse Erleichterung f\u00fcr Rettungskr\u00e4fte dar.<\/p>\n\n\n\n<h4 class=\"wp-block-heading\"><strong>Haftung<\/strong><br><\/h4>\n\n\n\n<p>Die Mantrailing Basel haftet nur f\u00fcr Sch\u00e4den, die von ihr vors\u00e4tzlich oder grob fahrl\u00e4ssig herbeigef\u00fchrt wurden. Die Haftungssumme ist auf die H\u00f6he der Teilnahmegeb\u00fchr beschr\u00e4nkt. Sie \u00fcbernimmt keine Haftung f\u00fcr Sch\u00e4den, die von Teilnehmern, G\u00e4sten, Dritten oder deren Tieren verursacht werden. Sie \u00fcbernimmt keine Haftung von Sch\u00e4den, die einem teilnehmenden Tier wiederfahren. Jeder Teilnehmer verpflichtet sich, \u00fcber eine Tierhalter-Haftpflichtversicherung zu verf\u00fcgen. Mantrailing Basel ist nicht verpflichtet, sich auf die Geltendmachung ihrer Anspr\u00fcche gegen\u00fcber der Versicherung verweisen zu lassen.<\/p>\n\n\n\n<h4 class=\"wp-block-heading\"><strong>Film- und Fotoaufnahmen<\/strong><br><\/h4>\n\n\n\n<p>1. W\u00e4hrend \u00f6ffentlichen Anl\u00e4ssen oder Seminaren:<br>Der Teilnehmer erkl\u00e4rt seine ausdr\u00fcckliche Zustimmung zu einer Verwendung und Ver\u00f6ffentlichung von Film-\/Fotoaufnahmen seines Tieres, welche w\u00e4hrend eines \u00f6ffentlichen Anlasses oder Seminars mit oder ohne Gastdozenten erstellt wurden. Der Teilnehmer verzichtet auf die Geltendmachung jeglicher Verg\u00fctung.<br>Film\/Fotoaufnahmen durch andere Teilnehmer\/Hundebesitzer w\u00e4hrend eines \u00f6ffentlichen Anlasses oder Seminars &#8211; mit oder ohne Gastdozenten &#8211; sind ausdr\u00fccklich nicht gestattet.<br><br>2. W\u00e4hrend regul\u00e4ren Einzel- oder Gruppentrainings und Einzel- oder Gruppenausbildungen:<br>Werden im geschlossenen Rahmen von Leistungen (namentlich Einzel- oder Gruppentrainings sowie Einzel- oder Gruppenausbildung) Film- und Fotoaufnahmen vom Teilnehmer mit seinem Hund erstellt, dienen diese grunds\u00e4tzlich prim\u00e4r der Eigenreflektion des Teilnehmers und als Hilfsmittel der Schulung.<br>Weitere Verwendung bed\u00fcrfen der expliziten Vereinbarung zwischen dem Teilnehmer und der Mantrailing Basel. Um seine Einwilligung explizit differenzieren zu k\u00f6nnen, erh\u00e4lt der Teilnehmer vor dem Start der Leistungserbringung eine entsprechende schriftliche Vereinbarung von Mantrailing Basel zugestellt, die die erlaubte Verwendung von Fotos und Filmaufnahmen regelt. Diese Vereinbarung kann vom Teilnehmer jederzeit schriftlich und ohne Begr\u00fcndung aufgehoben werden und die L\u00f6schung bestehender Foto- und Filmaufnahmen verlangt werden.<br>Das Erstellen von Film-\/Fotomaterial durch die Mantrailing Basel unterliegt der Freiwilligkeit und ist kein fester Bestandteil der Teilnahmegeb\u00fchren.<br><\/p>\n\n\n\n<h4 class=\"wp-block-heading\"><strong>Verj\u00e4hrung von Anspr\u00fcchen<\/strong><br><\/h4>\n\n\n\n<p>Anspr\u00fcche gegen Mantrailing Basel verj\u00e4hren entsprechend den gesetzlichen Richtlinien.<\/p>\n\n\n\n<h4 class=\"wp-block-heading\"><strong>Unwirksamkeit und Vorbehalt<\/strong><br><\/h4>\n\n\n\n<p>Die Unwirksamkeit einzelner Vertragsinhalte hat nicht die Unwirksamkeit des Vertrages zur Folge. Eine Berichtigung von Irrt\u00fcmern, Druck- und Rechenfehlern bleibt nur der Mantrailing Basel vorbehalten.<\/p>\n\n\n\n<h4 class=\"wp-block-heading\"><strong>Gerichtsstand<\/strong><br><\/h4>\n\n\n\n<p>F\u00fcr alle aus den Vertragsverh\u00e4ltnissen entstehenden Streitigkeiten erw\u00e4hlen der Teilnehmer und die Mantrailing Basel ungeachtet ihres Wohn- oder Gesch\u00e4ftssitzes den Gerichtsstand Basel-Landschaft.<\/p>\n\n\n\n<h3 class=\"wp-block-heading\"><strong>A. Abschluss eines Vertrages<\/strong><br><\/h3>\n\n\n\n<p>Das gesamte Leistungsangebot der Mantrailing Basel ist ausschliesslich online \u00fcber die Webseite <a href=\"http:\/\/www.mantrailing-basel.ch\">www.mantrailing-basel.ch<\/a> buchbar.<br>Nach Eingang einer schriftlichen, vollst\u00e4ndig und sorgf\u00e4ltig ausgef\u00fcllten Online-Anmeldung zu einer, der angebotenen Leistungen erh\u00e4lt der Teilnehmer eine schriftliche Best\u00e4tigung \u00fcber das Zustandekommen des Vertrages, inklusive Angaben der Kosten und entsprechende Bankdaten. Hiermit kommt der Vertrag zwischen Mantrailing Basel und dem namentlich benannten Teilnehmer verbindlich zustande. Der Vertrag ist nicht \u00fcbertragbar auf anderen Personen. Ausnahmen sind nach Absprache mit Mantrailing Basel m\u00f6glich.<br>Die vereinbarte Teilnahmegeb\u00fchr ist gesamthaft und per sofort zur Zahlung f\u00e4llig.&nbsp;<br>S\u00e4mtliche Leistungen werden im Voraus bezahlt und k\u00f6nnen erst ab dem vollst\u00e4ndigen Zahlungseingang bei Mantrailing Basel vollumf\u00e4nglich bezogen werden.<br>In Ausnahmef\u00e4llen k\u00f6nnen die Teilnahmegeb\u00fchren seitens des Teilnehmers beim ersten Treffen in bar an Mantrailing Basel bezahlt werden, um eine rasche Teilnahme von Leistungen zu erm\u00f6glichen.Allf\u00e4lliges Material wie z.B. spezielle Halsb\u00e4nder, Leinen, Anreise- oder Verpflegungskosten sind nicht im Preis enthalten.<br>Sollten abweichende Zahlungsmodalit\u00e4ten gelten, wird der Teilnehmer bereits vor der definitiven Anmeldung durch die Mantrailing Basel schriftlich dar\u00fcber informiert.<br><br>Mantrailing Basel verpflichtet sich, alle pers\u00f6nlichen Daten der Anmeldung vertraulich zu behandeln, insbesondere die Daten nicht an Dritte weiter zu geben. Guthaben f\u00fcr die Teilnahme an einer Leistung der Mantrailing Basel oder der Tierpsychologie M. Braun sind nicht \u00fcbertragbar.<br>Ist der Teilnehmer nicht der Hundebesitzer selbst, ist eine schriftliche Best\u00e4tigung des Hundebesitzers notwendig, welche dem Teilnehmer die Teilnahme mit dem entsprechenden Hund an der Leistung der Mantrailing Basel berechtigt. Aus dieser Best\u00e4tigung muss ausserdem hervorgehen, wer f\u00fcr die Begleichung der Teilnahmegeb\u00fchren haftbar ist. Als Grundlage des Hundebesitzer-Nachweises dient eine Kopie des aktuellen Impfausweises des Hundes.<\/p>\n\n\n\n<h3 class=\"wp-block-heading\"><strong>B. Widerruf- und R\u00fccktrittsrecht seitens des Teilnehmers<\/strong><br><\/h3>\n\n\n\n<p>Der Teilnehmer kann den Vertrag innerhalb von 7 Tagen seit Vertragsabschluss widerrufen. Bereits geleistete Zahlungen werden vollumf\u00e4nglich zur\u00fcckerstattet.Ohne Widerruf innert 7 Tagen gilt der Vertrag als verbindlich und unwiderruflich abgeschlossen.<br>Das Widerrufsrecht erlischt, sollte die Erbringung der Leistung bereits vor dem Ablauf der 7 Tage begonnen und beendet worden sein.Vertr\u00e4ge \u00fcber alle Leistungen gelten nach Ablauf des Widerrufsrechts von 7 Tagen vollumf\u00e4nglich bindend und als geschuldet und sind grunds\u00e4tzlich vor Beginn der Leistung zur Zahlung f\u00e4llig, unabh\u00e4ngig davon, ob bereits erste Leistungen erbracht worden sind oder nicht.<br>Wird vom Teilnehmer vom Widerrufrecht innert 7 Tagen Gebrauch gemacht, obwohl bereits erste Leistungen erbracht worden sind, geltend diese als geschuldet und sind innert einer Zahlungsfrist von 7 Tagen rein netto f\u00e4llig.<br>Erfolgt kein schriftlicher Widerruf innert 7 Tagen, gilt das Leistungsangebot als angenommen.<br>Der Vertrags-R\u00fccktritt infolge h\u00f6herer Gewalt ist unzul\u00e4ssig.<br>Vertr\u00e4ge und\/oder Guthaben jegwelcher Art sind nicht auf Dritte \u00fcbertragbar.<\/p>\n\n\n\n<h3 class=\"wp-block-heading\"><strong>C.<\/strong> <strong>Widerruf- und R\u00fccktrittrecht seitens der Mantrailing Basel<\/strong><br><\/h3>\n\n\n\n<p>Mantrailing Basel kann bis zwei Wochen vor Leistungsbeginn die Leistung absagen, wenn die gebotene Mindestteilnehmerzahl nicht erreicht wird.<br>Ohne Einhaltung einer Frist kann der R\u00fccktritt erfolgen, wenn Vertragswidrigkeiten bekannt werden, die insbesondere das Ziel einer Leistung gef\u00e4hrden oder den Dienstleister oder andere Teilnehmer gef\u00e4hrden.<br>Das Recht auf R\u00fccktritt besteht auch bei Ausfall der verantwortlichen Person oder externen Gastdozenten durch Krankheit oder bei sonstigen unvorhersehbaren Ereignissen, die eine Durchf\u00fchrung unzumutbar erschweren.<br>Es kann in Absprache mit dem Teilnehmer ein geeigneter Ersatztermin innert 6 Monaten vereinbart werden. Erscheint dies nicht m\u00f6glich, werden bis dahin geleistete Zahlungen r\u00fcckerstattet.<\/p>\n\n\n\n<h3 class=\"wp-block-heading\"><strong>D. Stornierungen und \u00dcbertragung auf Dritte nach Ablauf der Widerrufsfrist von 7 Tagen<\/strong><br><\/h3>\n\n\n\n<p><em>Spezielle Anl\u00e4sse und Seminare mit externen Gastdozenten und Mantrailing Basel als Veranstalter<\/em><br>Der Teilnehmer\/Hundebesitzer von \u00f6ffentlichen Seminaren durch externe, ausw\u00e4rtigen Dozenten (und Mantrailing Basel als Veranstalter) wird von Mantrailing Basel bereits vor der definitiven Anmeldung daraufhin gewiesen, dass der Teilnehmer selbst f\u00fcr den Abschluss einer entsprechenden Event-Seminarversicherung verantwortlich ist.<br>Eine Erstattung von anteiligen Teilnahmegeb\u00fchren f\u00fcr nicht in Anspruch genommene Leistungen ist ausgeschlossen.<br>Eine \u00dcbertragung auf eine Drittperson bedarf der Absprache und dem Einverst\u00e4ndnisses mit Mantrailing Basel.<br>Eine Erstattung zus\u00e4tzlicher Kosten jeglicher Art (beispielsweise \u00dcbernachtung, Anfahrt, andere Leistungen) erfolgt nicht.<br>Tipp: Wir empfehlen den Abschluss einer Seminarversicherung, wie zum Beispiel<br><a href=\"https:\/\/www.hansemerkur.de\/event-versicherungen\/seminarversicherung#seminarversicherung-leistungen\" target=\"_blank\" rel=\"noreferrer noopener\">https:\/\/www.hansemerkur.de\/event-versicherungen\/seminarversicherung#seminarversicherung-leistungen<\/a><br>oder<br><a href=\"https:\/\/www.erv.ch\/ch\/site\/de\/home\/insurance\/leisure\/school-and-course-insurance.html?rid=privatkunden\/kursversicherung\">https:\/\/www.erv.ch\/ch\/site\/de\/home\/insurance\/leisure\/school-and-course-insurance.html?rid=privatkunden\/kursversicherung<\/a><\/p>\n\n\n\n<p><em>Spezielle Anl\u00e4sse, sogenannte Zusatz-Events, Theorieabende, Seminare und Anl\u00e4sse von Mantrailing Basel als Erbringer und Veranstalter<\/em><br>Nach Ablauf der Widerrufsfrist ist der Vertrag rechtsg\u00fcltig und bindend. Die Forderung wird damit f\u00e4llig und eine vollst\u00e4ndige R\u00fcckerstattung bereits geleisteter Kosten und\/oder Geb\u00fchren aufgrund einer Stornierung seitens des Teilnehmers ist ausgeschlossen.<br><br>Eine Teilr\u00fcckerstattung der bereits geleisteten Teilnahmegeb\u00fchr wird wie folgt berechnet:- Stornierung erfolgte nach dem 7. Tag des Vertragsabschlusses; R\u00fcckerstattung von 20% der Teilnahmegeb\u00fchr <br>Stornierung erfolgte ab 150 Tage vor Veranstaltungsbeginn; R\u00fcckerstattung von 50% der Teilnahmegeb\u00fchr<br>Stornierung erfolgte ab 70 Tage vor Veranstaltungsbeginn; keine R\u00fcckerstattung der Teilnahmegeb\u00fchr<br>Eine Teilnahme-\u00dcbertragung auf eine Drittperson bedarf der Absprache und dem Einverst\u00e4ndnis der Mantrailing Basel.<br><br><em>Einzeltrainings \/ Einzelstunden<\/em><br>Der Teilnehmer vereinbart mit Mantrailing Basel einen fixen Termin und den Durchf\u00fchrungsort. Ist es dem Teilnehmer nicht m\u00f6glich, den Termin wahrzunehmen, muss die Absage oder Verschiebung schriftlich oder telefonisch bis 24 Stunden vor dem vereinbarten Termin erfolgen.<br>Erfolgt eine Absage \/ Verschiebung des Teilnehmers sp\u00e4ter als 24 Stunden oder bleibt diese aus, werden die vereinbarten Durchf\u00fchrungskosten zu 90% in Rechnung gestellt.<br>Ein R\u00fccktritt durch den Teilnehmer infolge h\u00f6herer Gewalt ist nicht wirksam. Abweichungen hiervon bed\u00fcrfen ausdr\u00fccklich der Absprache mit Mantrailing Basel.<\/p>\n\n\n\n<h3 class=\"wp-block-heading\"><strong>E. F\u00e4lligkeit und Zahlung der Teilnahmegeb\u00fchren<\/strong><br><\/h3>\n\n\n\n<p><em>Allgemeine Grundlage<\/em><br>Mit der Best\u00e4tigung der Mantrailing Basel (nach erfolgter Anmeldung) ist die Zahlung der Teilnahmegeb\u00fchr f\u00e4llig und hat per sofort auf das angegebene Konto zu erfolgen.<br>Die Zahlung muss f\u00fcr jede Leistung grunds\u00e4tzlich im Voraus erbracht werden.<br>In Ausnahmef\u00e4llen kann &#8211; nach Absprache mit Mantrailing Basel &#8211; eine Barzahlung beim ersten Treffen erfolgen. Teilzahlungen sind nur in Ausnahmef\u00e4llen und nach Absprache mit Mantrailing Basel m\u00f6glich.<br><br><em>Abonnements und Gruppentrainings<\/em><br>F\u00fcr die Bereiche<br>\u00abMantrailing Puppies und Youngsters\u00bb,<br>\u00abMantrailing Einsteiger und Fortgeschrittene\u00bb,<br>\u00abHard Surface Tracking\u00bb und &nbsp;<br>\u00abScent Detection \/ Detection Dogs\u00bb<br>umfasst das Leistungsangebot der Mantrailing Basel Abonnements zur regelm\u00e4ssigen Teilnahme an Gruppentrainings.<br><br>Die Abonnements (in Gruppentrainings) umfassen <br>f\u00fcr &#171;Mantrailing Einsteiger und Fortgeschrittene\u00bb und f\u00fcr \u00abHard Surface Tracking\u00bb jeweils 10 Trainingseinheiten mit einer zeitlichen G\u00fcltigkeit von 14 Wochen.<br>f\u00fcr \u00abMantrailing Puppies und Youngsters\u00bb umfasst ein Abonnement (in Gruppentrainings) 11 Trainingseinheiten mit einer G\u00fcltigkeit von 15 Wochen<a>.<br><\/a>f\u00fcr \u00abScent Detection\u00bb besteht das Abonnement aus 10 Trainingseinheiten \/ jeweils alle zwei Woche und \u00fcber 28 Wochen g\u00fcltig.<br><br>Mit der schriftlichen Best\u00e4tigung von Mantrailing-Basel zur Teilnahme an den Gruppentrainings mittels Abonnements wird die Zahlung der Teilnahmegeb\u00fchr f\u00e4llig und hat per sofort auf das angegebene Konto zu erfolgen. Die Teilnahme wird erst nach Eingang der Zahlung auf das angegebene Konto m\u00f6glich.<br>Im Sinne einer Weiterf\u00fchrung erneuert sich nach dem Bezug von zehn Trainingseinheiten ein Abonnement ohne anderweitige Absprache automatisch, ohne ein erneutes Einsetzen eines Widerrufrechts. Die Zahlung des neuen Abonnements ist im Voraus, vor dem Bezug der ersten Trainingseinheit f\u00e4llig. Erfolgt innert 7 Tagen keine Zahlung f\u00fcr die Erneuerung eines Abonnements, entspricht dies einem Ausscheiden aus den Gruppentrainings. Anderweitige Regelungen &#8211; insbesondere aus pers\u00f6nlichen Gr\u00fcnden des Teilnehmers &#8211; sind nach Absprache mit Mantrailing Basel m\u00f6glich und werden schriftlich per Mail best\u00e4tigt.<\/p>\n\n\n\n<p><em>Schnuppertraining \/ Schulterblick<\/em><br>F\u00fcr die Bereiche <br>\u00abMantrailing Puppies und Youngsters\u00bb, <br>\u00abMantrailing Einsteiger und Fortgeschrittene\u00bb, und f\u00fcr <br>\u00abHard Surface Tracking\u00bb gew\u00e4hren wir Interessenten vor der Entscheidung, ein Abonnement zu erwerben, einen ersten Einblick in die Arbeit.<br>Ein Schnuppertraining als auch ein Schulterblick sind zeitlich auf ein einmaliges aktives bzw. passives Training an einem vereinbarten Tag fixiert. Die Teilnahmegeb\u00fchr wird an diesem Treffen bar bezahlt und ist nicht auf Dritte \u00fcbertragbar.<br>F\u00fcr Scent Detection und Detection werden mehrmals j\u00e4hrlich sogenannte einst\u00fcndige Probetrainings angeboten.  Nach Ablauf der Widerrufsfrist ist der Gesamtbetrag zur Zahlung f\u00e4llig und es erfolgt keine R\u00fcckerstattung.<\/p>\n\n\n\n<h3 class=\"wp-block-heading\"><strong>F. G\u00fcltigkeitsdauer<\/strong><br><\/h3>\n\n\n\n<p><em>Einzelstunden und Einzeltrainings \/ Schnuppertrainings \/ Schulterblick und Detection-Probetrainings:<\/em><br>Der Teilnehmer vereinbart mit Mantrailing Basel einen fixen Termin und Durchf\u00fchrungsort, weshalb dieser lediglich f\u00fcr das vorgesehene und vereinbarte Zeitfenster g\u00fcltig ist.<br>Der Termin ist nicht auf Dritte \u00fcbertragbar.<br><br><em>Anl\u00e4sse,  Zusatzevents, Workshops, Theorieabende und Seminare mit Mantrailing Basel als Dozent und als Veranstalter:<\/em><br>Die Veranstaltungstage werden zuvor bekannt gegeben und sind zeitlich fixiert, weshalb sie lediglich f\u00fcr das vorgesehene und vereinbarte Datum g\u00fcltig sind. Verpasste Einheiten k\u00f6nnen nicht nachgeholt werden und sind nicht \u00fcbertragbar.<\/p>\n\n\n\n<p><em>Abonnements f\u00fcr Gruppentrainings<\/em>:<br>&#8211; \u00abMantrailing Einsteiger und Fortgeschrittene\u00bb und \u00abHard Surface Tracking\u00bb<br>jeweils 10 Trainingseinheiten mit einer G\u00fcltigkeit von 14 Wochen.<br>&#8211; \u00abMantrailing Puppies und Youngsters\u00bb<br>11 Trainingseinheiten mit einer G\u00fcltigkeit von 15 Wochen.<br>&#8211; F\u00fcr \u00abScent Detection\u00bb<br>10 Trainingseinheiten (alle zwei Wochen) mit einer G\u00fcltigkeit von 28 Wochen<br>F\u00fcr alle Abonnements gilt, dass nicht bezogene Guthaben nach dieser Frist verfallen nach nicht \u00fcbertragbar sind.<br><br>Erkrankt ein Teilnehmer oder dessen Hund und es wird seitens des Teilnehmers ein \u00e4rztliches Zeugnis vorgelegt, wird der G\u00fcltigkeitsverfall (je nach Abonnement 14 \/ 15 oder 28 Wochen) f\u00fcr die Dauer der Krankschreibung gestoppt und ab dem Folgetag nach der Krankschreibung wieder aufgenommen.<\/p>\n\n\n\n<p><em><strong>Spezielle Absenzen-Regelung f\u00fcr Gruppenteilnehmer mit Abonnements:<\/strong><\/em><br><br>F\u00fcr \u00abMantrailing Puppies und Youngsters\u00bb<br>F\u00fcr \u00abMantrailing Einsteiger und Fortgeschrittene\u00bb<br>F\u00fcr \u00abHard Surface Tracking\u00bb<br>F\u00fcr \u00abScent Detection\u00bb<br>Um jedem Teilnehmer die M\u00f6glichkeiten gew\u00e4hrleisten zu k\u00f6nnen, w\u00f6chentliche Trainings im Rahmen von organisierten Gruppen wahrnehmen zu k\u00f6nnen, ist die grunds\u00e4tzliche Regelung (Abmeldung 24 Stunden vor dem Termin) ausdr\u00fccklich ausser Kraft gesetzt.<br><br><em>Allf\u00e4llige Abmeldung vom w\u00f6chentlichen Training erbitten wir daher wie folgt:<\/em><br>&#8211; Eine Abmeldung von einem Abendtraining hat <strong>bis sp\u00e4testens 10.00 Uhr<\/strong> des entsprechenden Trainingstages zu erfolgen.<br>&#8211; Eine Abmeldung von einem Morgen- oder Nachmittagstraining hat <strong>bis sp\u00e4testens 14 h am Vortag des entsprechenden Trainingstages<\/strong> zu erfolgen.<br>&#8211; Eine Abmeldung von regul\u00e4ren, diversen Morgen-Trainings hat bis <strong>sp\u00e4testens 24 Stunden vor dem Trainingstag<\/strong> zu erfolgen.<br>Abmeldungen k\u00f6nnen telefonisch, per SMS oder mittels Threema erfolgen.<br><br>Beim Fernbleiben ohne eine Abmeldung oder bei einer Abmeldung ausserhalb der genannten Frist wird die Trainingseinheit vollumf\u00e4nglich wie bezogen vom Abonnement abgezogen.<br>Ausweichdaten bei Verhinderung am eigentlichen Trainingstag (beispielsweise Teilnahme in einer anderen Trainingsgruppe) k\u00f6nnen mit Mantrailing Basel vereinbart werden.<br>Um einen reibungslosen Ablauf der Gruppen gew\u00e4hrleisten zu k\u00f6nnen, erbittet Mantrailing Basel, Ferien und voraussehbare Abwesenheiten so fr\u00fch als m\u00f6glich telefonisch, per SMS oder \u00fcber Threema mitzuteilen.<\/p>\n\n\n\n<p><br><br><br><br><br><br><strong><br><br><\/strong><br><br><\/p>\n\n\n\n<h4 class=\"wp-block-heading\"><br><br><br><br><\/h4>\n","protected":false},"excerpt":{"rendered":"<p>Allgemeine Gesch\u00e4ftsbedingungen und WiderrufsrechtStand 25.11.2025 Das Leistungsangebot der Webseite www.mantrailing-basel.ch &nbsp;ist ein Teilbereich der Tierpsychologie M. Braun (der Einfachheit halber in der Folge \u201eMantrailing Basel\u201c genannt) und beh\u00e4lt sich sowohl bei der Nutzung von Erbringung von Leistungen als auch allenfalls genutzten, \u00f6ffentlichen oder geschlossenen \u00d6rtlichkeiten durch ihre Teilnehmer \/ Teilnehmerinnen (der Einfachheit halber in der &hellip; <\/p>\n<p class=\"link-more\"><a href=\"https:\/\/mantrailing-basel.ch\/index.php\/agb-und-widerruf\/\" class=\"more-link\"><span class=\"screen-reader-text\">&#171;AGB und Widerruf&#187;<\/span> weiterlesen<\/a><\/p>\n","protected":false},"author":3,"featured_media":0,"parent":0,"menu_order":0,"comment_status":"closed","ping_status":"closed","template":"","meta":{"footnotes":""},"class_list":["post-189","page","type-page","status-publish","hentry"],"_links":{"self":[{"href":"https:\/\/mantrailing-basel.ch\/index.php\/wp-json\/wp\/v2\/pages\/189","targetHints":{"allow":["GET"]}}],"collection":[{"href":"https:\/\/mantrailing-basel.ch\/index.php\/wp-json\/wp\/v2\/pages"}],"about":[{"href":"https:\/\/mantrailing-basel.ch\/index.php\/wp-json\/wp\/v2\/types\/page"}],"author":[{"embeddable":true,"href":"https:\/\/mantrailing-basel.ch\/index.php\/wp-json\/wp\/v2\/users\/3"}],"replies":[{"embeddable":true,"href":"https:\/\/mantrailing-basel.ch\/index.php\/wp-json\/wp\/v2\/comments?post=189"}],"version-history":[{"count":40,"href":"https:\/\/mantrailing-basel.ch\/index.php\/wp-json\/wp\/v2\/pages\/189\/revisions"}],"predecessor-version":[{"id":5883,"href":"https:\/\/mantrailing-basel.ch\/index.php\/wp-json\/wp\/v2\/pages\/189\/revisions\/5883"}],"wp:attachment":[{"href":"https:\/\/mantrailing-basel.ch\/index.php\/wp-json\/wp\/v2\/media?parent=189"}],"curies":[{"name":"wp","href":"https:\/\/api.w.org\/{rel}","templated":true}]}}