{"id":183,"date":"2022-10-04T14:02:27","date_gmt":"2022-10-04T12:02:27","guid":{"rendered":"https:\/\/www.nasenarbeit-hund.ch\/?page_id=183"},"modified":"2025-03-26T07:39:58","modified_gmt":"2025-03-26T06:39:58","slug":"was-ist-mantrailing-2","status":"publish","type":"page","link":"https:\/\/mantrailing-basel.ch\/index.php\/was-ist-mantrailing-2\/","title":{"rendered":"Was ist Mantrailing?"},"content":{"rendered":"<div class=\"wp-block-image is-style-default\">\n<figure class=\"aligncenter size-full is-resized\"><img loading=\"lazy\" decoding=\"async\" width=\"640\" height=\"427\" src=\"https:\/\/www.nasenarbeit-hund.ch\/wp-content\/uploads\/2023\/01\/WAS-IST-MANTRAILING-640x427-1.jpg\" alt=\"\" class=\"wp-image-274\" style=\"width:508px;height:339px\" srcset=\"https:\/\/mantrailing-basel.ch\/wp-content\/uploads\/2023\/01\/WAS-IST-MANTRAILING-640x427-1.jpg 640w, https:\/\/mantrailing-basel.ch\/wp-content\/uploads\/2023\/01\/WAS-IST-MANTRAILING-640x427-1-300x200.jpg 300w\" sizes=\"auto, (max-width: 640px) 100vw, 640px\" \/><figcaption class=\"wp-element-caption\">Foto F. Nyffenegger<\/figcaption><\/figure>\n<\/div>\n\n\n<p>Der Begriff Mantrailing steht in der englischen Sprache f\u00fcr &#171;Man&#187; (Mensch) und Trail (Spur). Der Hund folgt dem Geruch&nbsp;<strong>einer bestimmte Person.&nbsp;<\/strong>Ziel ist, diese spezifische Person&nbsp;zu finden oder zumindest Informationen \u00fcber ihren Verbleib zu erbringen.<br>Dies ist der grundlegende Unterschied zur Arbeit mit Fl\u00e4chensuchhunden, welche jede, im Suchgebiet befindliche Person anzeigen. <br><br>Der Unterschied zum F\u00e4hrtenhund besteht darin, dass der Mantrailing-Hund mit hoher als auch mit tiefer Nase arbeitet, keine Bodenzerst\u00f6rung braucht, selbst\u00e4ndige Geruchdifferenzierungen vornimmt und dass er den Spurverlauf eigenst\u00e4ndig eruiert. Mantrailing-Hunde arbeiten rein mit nat\u00fcrlichen Verhaltensweisen und sind daher l\u00e4nger einsatzf\u00e4hig.<\/p>\n\n\n\n<p>Der menschliche K\u00f6rper besteht aus einer riesigen Anzahl individueller Zellen, die laufend absterben und erneuert werden. Beim Absterben werden die Zellen dank biochemischer Prozesse von Bakterien zersetzt und geben Gase frei. So entsteht die menschliche Individualgeruchsspur, der der Hund folgt.<\/p>\n\n\n\n<p>Hunde sind f\u00e4hig, solch einen individuellen Geruch in &#171;Erinnerung zu behalten&#187; (zu speichern) und ihm &#8211; aufgrund ihrer herausragenden Geruchs-Wahrnehmungsf\u00e4higkeit &#8211; zu folgen, um eine vermisste Person aufzufinden. <br>Der Mensch besitzt um die 5 Mio Geruchsrezeptoren, w\u00e4hrend Hunde (je nach Rasse) zwischen 125 und 220 Mio Geruchsrezeptoren haben. Beim Hund dienen 10% des Gehirns und 50% des Inneren seiner Nase einzig und alleine der Geruchsverarbeitung.<\/p>\n\n\n\n<p>Mittels <strong>positiv aufgebautem Komponenten-Training nach der Original Kocher-Methode <\/strong>lernt der Hund die Regeln, nach denen gearbeitet wird. Und viel wichtiger: der Mensch lernt, einen Mantrailing-Hund zu f\u00fchren und zu lesen!<\/p>\n\n\n\n<p>Nein &#8211; einfach und schnell erlernt ist es nicht. Es ist ein aufw\u00e4ndiges Training und&nbsp;<strong>erfordert <\/strong>vom Menschen <strong>viel Teamgeist, echte Kollegialit\u00e4t <\/strong>und eine <strong>gute Kondition&nbsp;<\/strong>(denn das Arbeitstempo bestimmt teilweise der Hund, <strong>Beobachtungsgabe<\/strong> und <strong>Begeisterungsf\u00e4higkeit<\/strong>.<\/p>\n\n\n\n<p>Die Hunde wissen meistens sehr wohl, &#171;wie es geht&#187;. Der Mensch muss bereit sein, seinen Hund&nbsp;<strong>lesen zu lernen<\/strong>. Es macht sehr viel Spass zuzuschauen, wie die Hunde freudig arbeiten, befriedigt und ausgelastet sind und in kleinen, individuell angepassten Schritten, immer gr\u00f6ssere Leistungen vollbringen. <br><strong>Die&nbsp;Bindung&nbsp;zwischen Hund und Halter w\u00e4chst und&nbsp;bereichert beide Seiten.<\/strong><\/p>\n\n\n\n<p>Wir bieten die Ausbildung vom Team Mensch &amp; Hund, Weiterbildungen und w\u00f6chentliche Trainings an.<\/p>\n\n\n<div class=\"wp-block-image\">\n<figure class=\"aligncenter size-full is-resized\"><img loading=\"lazy\" decoding=\"async\" width=\"640\" height=\"509\" src=\"https:\/\/www.nasenarbeit-hund.ch\/wp-content\/uploads\/2023\/01\/144847696_239660141054779_3678201182983347402_n-640x509-1.jpg\" alt=\"\" class=\"wp-image-372\" style=\"width:533px;height:424px\" srcset=\"https:\/\/mantrailing-basel.ch\/wp-content\/uploads\/2023\/01\/144847696_239660141054779_3678201182983347402_n-640x509-1.jpg 640w, https:\/\/mantrailing-basel.ch\/wp-content\/uploads\/2023\/01\/144847696_239660141054779_3678201182983347402_n-640x509-1-300x239.jpg 300w\" sizes=\"auto, (max-width: 640px) 100vw, 640px\" \/><figcaption class=\"wp-element-caption\">Foto Tina Braun<\/figcaption><\/figure>\n<\/div>","protected":false},"excerpt":{"rendered":"<p>Der Begriff Mantrailing steht in der englischen Sprache f\u00fcr &#171;Man&#187; (Mensch) und Trail (Spur). Der Hund folgt dem Geruch&nbsp;einer bestimmte Person.&nbsp;Ziel ist, diese spezifische Person&nbsp;zu finden oder zumindest Informationen \u00fcber ihren Verbleib zu erbringen.Dies ist der grundlegende Unterschied zur Arbeit mit Fl\u00e4chensuchhunden, welche jede, im Suchgebiet befindliche Person anzeigen. Der Unterschied zum F\u00e4hrtenhund besteht darin, &hellip; <\/p>\n<p class=\"link-more\"><a href=\"https:\/\/mantrailing-basel.ch\/index.php\/was-ist-mantrailing-2\/\" class=\"more-link\"><span class=\"screen-reader-text\">&#171;Was ist Mantrailing?&#187;<\/span> weiterlesen<\/a><\/p>\n","protected":false},"author":3,"featured_media":0,"parent":0,"menu_order":0,"comment_status":"closed","ping_status":"closed","template":"","meta":{"footnotes":""},"class_list":["post-183","page","type-page","status-publish","hentry"],"_links":{"self":[{"href":"https:\/\/mantrailing-basel.ch\/index.php\/wp-json\/wp\/v2\/pages\/183","targetHints":{"allow":["GET"]}}],"collection":[{"href":"https:\/\/mantrailing-basel.ch\/index.php\/wp-json\/wp\/v2\/pages"}],"about":[{"href":"https:\/\/mantrailing-basel.ch\/index.php\/wp-json\/wp\/v2\/types\/page"}],"author":[{"embeddable":true,"href":"https:\/\/mantrailing-basel.ch\/index.php\/wp-json\/wp\/v2\/users\/3"}],"replies":[{"embeddable":true,"href":"https:\/\/mantrailing-basel.ch\/index.php\/wp-json\/wp\/v2\/comments?post=183"}],"version-history":[{"count":18,"href":"https:\/\/mantrailing-basel.ch\/index.php\/wp-json\/wp\/v2\/pages\/183\/revisions"}],"predecessor-version":[{"id":4350,"href":"https:\/\/mantrailing-basel.ch\/index.php\/wp-json\/wp\/v2\/pages\/183\/revisions\/4350"}],"wp:attachment":[{"href":"https:\/\/mantrailing-basel.ch\/index.php\/wp-json\/wp\/v2\/media?parent=183"}],"curies":[{"name":"wp","href":"https:\/\/api.w.org\/{rel}","templated":true}]}}