{"id":117,"date":"2022-10-01T15:54:43","date_gmt":"2022-10-01T13:54:43","guid":{"rendered":"http:\/\/nasenarbeit-hund.ch\/?page_id=117"},"modified":"2025-08-24T18:31:21","modified_gmt":"2025-08-24T16:31:21","slug":"hard-surface-tracking","status":"publish","type":"page","link":"https:\/\/mantrailing-basel.ch\/index.php\/hard-surface-tracking\/","title":{"rendered":"Hard Surface Tracking"},"content":{"rendered":"\n<p>Tracking wird oft mit &#171;F\u00e4hrtenarbeit&#187; \u00fcbersetzt, was nicht die ganze Bedeutung erfasst.<br>Bei der Ausbildungsrichtung des&nbsp;&nbsp;<strong>&#171;Hard Surface Tracking&#187;<\/strong>&nbsp;ist der Hund&nbsp;<strong>nicht&nbsp;<\/strong>auf Bodenverletzungen angewiesen und lernt, dem spezifischen Geruch seiner Zielperson auch&nbsp;<strong>auf Asphalt<\/strong>&nbsp;zu folgen.<br>Dabei arbeitet er&nbsp;ausschliesslich<strong> mit &#171;tiefer Nase&#187;<\/strong>&nbsp;&#8211; anders als ein Mantrailer, welcher selbstbestimmt mit hoher und tiefer Nase arbeitet.<\/p>\n\n\n<div class=\"wp-block-image\">\n<figure class=\"aligncenter size-full is-resized\"><img loading=\"lazy\" decoding=\"async\" width=\"761\" height=\"692\" src=\"https:\/\/mantrailing-basel.ch\/wp-content\/uploads\/2025\/08\/image-20230514-195915-1-Kopie.jpeg\" alt=\"\" class=\"wp-image-5256\" style=\"width:465px;height:auto\" srcset=\"https:\/\/mantrailing-basel.ch\/wp-content\/uploads\/2025\/08\/image-20230514-195915-1-Kopie.jpeg 761w, https:\/\/mantrailing-basel.ch\/wp-content\/uploads\/2025\/08\/image-20230514-195915-1-Kopie-300x273.jpeg 300w\" sizes=\"auto, (max-width: 706px) 89vw, (max-width: 767px) 82vw, 740px\" \/><\/figure>\n<\/div>\n\n\n<p>Hard Surface Traking Hunde arbeiten&nbsp;<strong>langsamer, weitestgehend spurtreu und sind k\u00f6rpersprachlich lesbar<\/strong>. Ausserdem richten sie sich <strong>eigenst\u00e4ndig<\/strong> in die Richtung des <strong>Spurverlaufs<\/strong> aus und werden nicht, wie beim F\u00e4hrten, vom Hundef\u00fchrer in die korrekte Richtung auf die Spur angesetzt.<\/p>\n\n\n\n<p>Wir verwenden eine Methode, bei der der Aufbau&nbsp;<strong>von Anfang an Spass<\/strong>&nbsp;f\u00fcr Hund und Mensch bringt. Es geht rasend schnell, sodass bereits nach k\u00fcrzester Zeit tolle Resultate erzielt werden.<br><br><strong>Welche Hunde sind geeignet?<br><\/strong>Grunds\u00e4tzlich kann <strong>jeder Hund jeder Altersklasse<\/strong> teilnehmen. Der Aufbau wird individuell auf den Hund abgestimmt. Somit sind diese Trainings <strong>sowohl f\u00fcr junge Hunde, erwachsene Hunde als auch f\u00fcr &#171;Golden Oldies&#187; geeignet<\/strong>.<\/p>\n\n\n\n<p><strong>Speziell gut geeignet&nbsp;ist Hard Surface Tracking ausserdem f\u00fcr<\/strong>:<br>1. F\u00fcr Hunde, die dazu neigen, etwas zu &#171;\u00fcberdrehen&#187; und bei denen es sinnvoll ist, sie mehr &#171;in die Ruhe hinein zu arbeiten&#187;.<br>2. Es ist ausserdem immer dann ein guter Einstieg, wenn die individuelle Neigung des Hundes, mit tiefer Nase zu arbeiten, von Geburt an gegeben ist. Talente sollte man nutzen!<br>3. F\u00fcr Hundef\u00fchrer\/innen, die wenig Zeit (oder keine Ambitionen) f\u00fcr Gruppentrainings haben, denn der Hund kann grunds\u00e4tzlich auch ohne Helfer t\u00e4glich seine &#171;Nasenarbeit&#187; machen.<br>4. F\u00fcr &#171;Second-Chance-Hunde&#187;, die aufgrund ihrer Vergangenheit noch etwas Unsicherheit oder Misstrauen gegen\u00fcber fremden Menschen \u00fcberwinden m\u00fcssen.<\/p>\n\n\n\n<h4 class=\"wp-block-heading\"><strong>Hier lernt der Hund, mit RUHE und KONZENTRATION ans Ziel zu kommen<\/strong>!<\/h4>\n\n\n\n<div class=\"wp-block-media-text alignwide is-stacked-on-mobile\" style=\"grid-template-columns:63% auto\"><figure class=\"wp-block-media-text__media\"><video controls src=\"https:\/\/www.nasenarbeit-hund.ch\/wp-content\/uploads\/2023\/01\/Ausschnitt-tracking-Webseite.mp4\"><\/video><\/figure><div class=\"wp-block-media-text__content\">\n<p>Anmerkung: Der 5-monatige Hund tr\u00e4gt ein Brustgeschirr, wohingegen klassisch die Hunde am Halsband arbeiten. Die Wahl ob Halsband oder Brustgeschirr steht jedem frei.<\/p>\n<\/div><\/div>\n\n\n\n<p><br>Einen Hund im sp\u00e4teren Verlauf von Hard Surface-Tracking auf Mantrailing umzustellen ist problemlos m\u00f6glich. Da HST Teams ebenfalls Personensuchhunde sind, k\u00f6nnen sie &#8211; falls erw\u00fcnscht\u00a8- in bestehende Mantrailing-Gruppen integriert werden. <br>\u00dcbrigens ist Hardsurface Tracking auch das effizienteste Mittel der Wahl, um sogenannte &#171;Pet-Trailer&#187; auszubilden!<\/p>\n\n\n\n<p>Die <strong>Trainings-Abonnements <\/strong>bestehen aus 8 Trainingseinheiten (\u00e0 ca. 30 min. bei Einzeltrainings) und sind \u00fcber 12 Wochen g\u00fcltig. <br>Die <strong>Investition<\/strong> h\u00e4ngt davon ab, ob der Hund im Rahmen von <strong>Einzeltrainings<\/strong> aufgebaut wird, oder ob in einer <strong>Kleinstgruppe<\/strong> gearbeitet wird. Bitte komtaktiere uns.<br><br>Die <strong>Trainingsorte<\/strong> werden mit dem Fortschreiten des Ausbildunglevels stetig gewechselt und befinden sich immer in der Regio BS \/ BL.<br>Ein eigener PW ist grunds\u00e4tzlich erforderlich.<br>Hier geht&#8217;s zur <strong>Anmeldung<\/strong>.<br><\/p>\n\n\n\n<p class=\"has-vivid-red-color has-text-color has-link-color wp-elements-a9818f546dbb55308b5e116d45e5fe8b\"><strong>W\u00e4rmstens Empfohlen!!! <\/strong><br>Nimm zuerst an einem <strong>Hard Surface Tracking Schulterblick (passives Teilnahme) <\/strong>teil, um dir ein Bild zu machen, ob diese Arbeit etwas f\u00fcr dich und deinen Hund ist.<br>Hier geht&#8217;s zur <strong><a href=\"https:\/\/mantrailing-basel.ch\/index.php\/anmeldung\/\" data-type=\"page\" data-id=\"154\">Anmeldung<\/a><\/strong><br><\/p>\n\n\n\n<p><br><br><br><br><\/p>\n","protected":false},"excerpt":{"rendered":"<p>Tracking wird oft mit &#171;F\u00e4hrtenarbeit&#187; \u00fcbersetzt, was nicht die ganze Bedeutung erfasst.Bei der Ausbildungsrichtung des&nbsp;&nbsp;&#171;Hard Surface Tracking&#187;&nbsp;ist der Hund&nbsp;nicht&nbsp;auf Bodenverletzungen angewiesen und lernt, dem spezifischen Geruch seiner Zielperson auch&nbsp;auf Asphalt&nbsp;zu folgen.Dabei arbeitet er&nbsp;ausschliesslich mit &#171;tiefer Nase&#187;&nbsp;&#8211; anders als ein Mantrailer, welcher selbstbestimmt mit hoher und tiefer Nase arbeitet. Hard Surface Traking Hunde arbeiten&nbsp;langsamer, weitestgehend spurtreu &hellip; <\/p>\n<p class=\"link-more\"><a href=\"https:\/\/mantrailing-basel.ch\/index.php\/hard-surface-tracking\/\" class=\"more-link\"><span class=\"screen-reader-text\">&#171;Hard Surface Tracking&#187;<\/span> weiterlesen<\/a><\/p>\n","protected":false},"author":3,"featured_media":0,"parent":0,"menu_order":0,"comment_status":"closed","ping_status":"closed","template":"","meta":{"footnotes":""},"class_list":["post-117","page","type-page","status-publish","hentry"],"_links":{"self":[{"href":"https:\/\/mantrailing-basel.ch\/index.php\/wp-json\/wp\/v2\/pages\/117","targetHints":{"allow":["GET"]}}],"collection":[{"href":"https:\/\/mantrailing-basel.ch\/index.php\/wp-json\/wp\/v2\/pages"}],"about":[{"href":"https:\/\/mantrailing-basel.ch\/index.php\/wp-json\/wp\/v2\/types\/page"}],"author":[{"embeddable":true,"href":"https:\/\/mantrailing-basel.ch\/index.php\/wp-json\/wp\/v2\/users\/3"}],"replies":[{"embeddable":true,"href":"https:\/\/mantrailing-basel.ch\/index.php\/wp-json\/wp\/v2\/comments?post=117"}],"version-history":[{"count":23,"href":"https:\/\/mantrailing-basel.ch\/index.php\/wp-json\/wp\/v2\/pages\/117\/revisions"}],"predecessor-version":[{"id":5258,"href":"https:\/\/mantrailing-basel.ch\/index.php\/wp-json\/wp\/v2\/pages\/117\/revisions\/5258"}],"wp:attachment":[{"href":"https:\/\/mantrailing-basel.ch\/index.php\/wp-json\/wp\/v2\/media?parent=117"}],"curies":[{"name":"wp","href":"https:\/\/api.w.org\/{rel}","templated":true}]}}