{"id":105,"date":"2022-10-01T15:46:11","date_gmt":"2022-10-01T13:46:11","guid":{"rendered":"http:\/\/nasenarbeit-hund.ch\/?page_id=105"},"modified":"2025-03-26T07:41:33","modified_gmt":"2025-03-26T06:41:33","slug":"mantrailing-einsteiger-und-fortgeschrittene","status":"publish","type":"page","link":"https:\/\/mantrailing-basel.ch\/index.php\/mantrailing-einsteiger-und-fortgeschrittene\/","title":{"rendered":"Mantrailing Einsteiger und Fortgeschrittene"},"content":{"rendered":"\n<figure class=\"wp-block-image size-full is-resized\"><img loading=\"lazy\" decoding=\"async\" width=\"610\" height=\"406\" src=\"https:\/\/www.nasenarbeit-hund.ch\/wp-content\/uploads\/2023\/01\/20180619_202209.jpg\" alt=\"\" class=\"wp-image-358\" style=\"width:479px;height:319px\" srcset=\"https:\/\/mantrailing-basel.ch\/wp-content\/uploads\/2023\/01\/20180619_202209.jpg 610w, https:\/\/mantrailing-basel.ch\/wp-content\/uploads\/2023\/01\/20180619_202209-300x200.jpg 300w\" sizes=\"auto, (max-width: 610px) 100vw, 610px\" \/><figcaption class=\"wp-element-caption\">Foto Tina Braun<\/figcaption><\/figure>\n\n\n\n<p><strong>Einsteiger und\/oder Fortgeschrittene Hunde<br><br><\/strong>M\u00f6chtest du mit<strong>&nbsp;Mantrailing starten&nbsp;<\/strong>oder hast du bereits ein paar <strong>Erfahrungen<\/strong> und m\u00f6chtest<strong>&nbsp;bei uns in regelm\u00e4ssigen, w\u00f6chentlichen Trainings mitmachen?&nbsp;<\/strong><br>Dann kontaktiere uns am besten, indem du dich zu einem&nbsp;<a href=\"https:\/\/www.nasenarbeit-hund.ch\/index.php\/anmeldung\/\" data-type=\"page\" data-id=\"154\">Schnuppertraining<\/a>&nbsp;anmeldest, damit wir uns gegenseitig &#171;beschnuppern&#187; und kennenlernen k\u00f6nnen. <br>Wir freuen uns auf begeisterungsf\u00e4hige Hund-Mensch-Teams!<\/p>\n\n\n\n<figure class=\"wp-block-image size-full is-resized\"><img loading=\"lazy\" decoding=\"async\" width=\"640\" height=\"473\" src=\"https:\/\/www.nasenarbeit-hund.ch\/wp-content\/uploads\/2023\/01\/278856659_367961608679984_7231851805249326867_n-640x473-1.jpg\" alt=\"\" class=\"wp-image-368\" style=\"width:494px;height:365px\" srcset=\"https:\/\/mantrailing-basel.ch\/wp-content\/uploads\/2023\/01\/278856659_367961608679984_7231851805249326867_n-640x473-1.jpg 640w, https:\/\/mantrailing-basel.ch\/wp-content\/uploads\/2023\/01\/278856659_367961608679984_7231851805249326867_n-640x473-1-300x222.jpg 300w\" sizes=\"auto, (max-width: 640px) 100vw, 640px\" \/><figcaption class=\"wp-element-caption\">Foto Tina Braun<\/figcaption><\/figure>\n\n\n\n<p><\/p>\n\n\n\n<h3 class=\"wp-block-heading\"><br><br><strong>F\u00fcr unsere Trailing-Teams organisieren wir mehrmals j\u00e4hrlich <\/strong><br><strong>spezielle TAGES-EVENTS<\/strong><br><\/h3>\n\n\n\n<div class=\"wp-block-cover\"><span aria-hidden=\"true\" class=\"wp-block-cover__background has-background-dim\"><\/span><img loading=\"lazy\" decoding=\"async\" width=\"1024\" height=\"768\" class=\"wp-block-cover__image-background wp-image-2520\" alt=\"\" src=\"https:\/\/mantrailing-basel.ch\/wp-content\/uploads\/2024\/05\/20230617_103008-1024x768.jpg\" data-object-fit=\"cover\" srcset=\"https:\/\/mantrailing-basel.ch\/wp-content\/uploads\/2024\/05\/20230617_103008-1024x768.jpg 1024w, https:\/\/mantrailing-basel.ch\/wp-content\/uploads\/2024\/05\/20230617_103008-300x225.jpg 300w, https:\/\/mantrailing-basel.ch\/wp-content\/uploads\/2024\/05\/20230617_103008-768x576.jpg 768w, https:\/\/mantrailing-basel.ch\/wp-content\/uploads\/2024\/05\/20230617_103008-1536x1152.jpg 1536w, https:\/\/mantrailing-basel.ch\/wp-content\/uploads\/2024\/05\/20230617_103008-2048x1535.jpg 2048w\" sizes=\"auto, (max-width: 767px) 89vw, (max-width: 1000px) 54vw, (max-width: 1071px) 543px, 580px\" \/><div class=\"wp-block-cover__inner-container is-layout-flow wp-block-cover-is-layout-flow\">\n<p class=\"has-text-align-center has-large-font-size\">PLS (place last seen) Rheinpromenade Basel<\/p>\n<\/div><\/div>\n\n\n\n<p><br><br>Auf Anfrage gerne auch auch f\u00fcr externe Gruppen >\u00a0<a href=\"https:\/\/www.nasenarbeit-hund.ch\/index.php\/kontakt\/\" data-type=\"page\" data-id=\"21\">Kontaktformular<\/a><a href=\"https:\/\/mantrailing-basel.ch\/kontakt\"><br><\/a><br><\/p>\n\n\n\n<figure class=\"wp-block-image size-large is-resized\"><img loading=\"lazy\" decoding=\"async\" width=\"1024\" height=\"770\" src=\"https:\/\/www.nasenarbeit-hund.ch\/wp-content\/uploads\/2023\/03\/20230314_150930-1024x770.jpg\" alt=\"\" class=\"wp-image-604\" style=\"width:472px;height:354px\" srcset=\"https:\/\/mantrailing-basel.ch\/wp-content\/uploads\/2023\/03\/20230314_150930-1024x770.jpg 1024w, https:\/\/mantrailing-basel.ch\/wp-content\/uploads\/2023\/03\/20230314_150930-300x226.jpg 300w, https:\/\/mantrailing-basel.ch\/wp-content\/uploads\/2023\/03\/20230314_150930-768x578.jpg 768w, https:\/\/mantrailing-basel.ch\/wp-content\/uploads\/2023\/03\/20230314_150930-1536x1156.jpg 1536w, https:\/\/mantrailing-basel.ch\/wp-content\/uploads\/2023\/03\/20230314_150930-2048x1541.jpg 2048w\" sizes=\"auto, (max-width: 767px) 89vw, (max-width: 1000px) 54vw, (max-width: 1071px) 543px, 580px\" \/><figcaption class=\"wp-element-caption\">Foto Tina Braun<\/figcaption><\/figure>\n\n\n\n<p><\/p>\n\n\n\n<figure class=\"wp-block-image size-large is-resized\"><img loading=\"lazy\" decoding=\"async\" width=\"791\" height=\"1024\" src=\"https:\/\/www.nasenarbeit-hund.ch\/wp-content\/uploads\/2023\/03\/image-20230308-200912-791x1024.jpeg\" alt=\"\" class=\"wp-image-628\" style=\"width:392px;height:507px\" srcset=\"https:\/\/mantrailing-basel.ch\/wp-content\/uploads\/2023\/03\/image-20230308-200912-791x1024.jpeg 791w, https:\/\/mantrailing-basel.ch\/wp-content\/uploads\/2023\/03\/image-20230308-200912-232x300.jpeg 232w, https:\/\/mantrailing-basel.ch\/wp-content\/uploads\/2023\/03\/image-20230308-200912-768x994.jpeg 768w, https:\/\/mantrailing-basel.ch\/wp-content\/uploads\/2023\/03\/image-20230308-200912.jpeg 986w\" sizes=\"auto, (max-width: 767px) 89vw, (max-width: 1000px) 54vw, (max-width: 1071px) 543px, 580px\" \/><figcaption class=\"wp-element-caption\">Foto E. Haas<\/figcaption><\/figure>\n\n\n\n<figure class=\"wp-block-image size-large is-resized\"><img loading=\"lazy\" decoding=\"async\" width=\"1024\" height=\"737\" src=\"https:\/\/www.nasenarbeit-hund.ch\/wp-content\/uploads\/2023\/03\/20230314_150751-1024x737.jpg\" alt=\"\" class=\"wp-image-631\" style=\"width:462px;height:332px\" srcset=\"https:\/\/mantrailing-basel.ch\/wp-content\/uploads\/2023\/03\/20230314_150751-1024x737.jpg 1024w, https:\/\/mantrailing-basel.ch\/wp-content\/uploads\/2023\/03\/20230314_150751-300x216.jpg 300w, https:\/\/mantrailing-basel.ch\/wp-content\/uploads\/2023\/03\/20230314_150751-768x553.jpg 768w, https:\/\/mantrailing-basel.ch\/wp-content\/uploads\/2023\/03\/20230314_150751-1536x1105.jpg 1536w, https:\/\/mantrailing-basel.ch\/wp-content\/uploads\/2023\/03\/20230314_150751.jpg 1609w\" sizes=\"auto, (max-width: 767px) 89vw, (max-width: 1000px) 54vw, (max-width: 1071px) 543px, 580px\" \/><figcaption class=\"wp-element-caption\">Foto Tina Braun<\/figcaption><\/figure>\n\n\n\n<figure class=\"wp-block-image size-large is-resized\"><img loading=\"lazy\" decoding=\"async\" width=\"1024\" height=\"734\" src=\"https:\/\/www.nasenarbeit-hund.ch\/wp-content\/uploads\/2023\/03\/107763469_146900020330792_2140215938853377908_n-1024x734.jpg\" alt=\"\" class=\"wp-image-633\" style=\"width:466px;height:334px\" srcset=\"https:\/\/mantrailing-basel.ch\/wp-content\/uploads\/2023\/03\/107763469_146900020330792_2140215938853377908_n-1024x734.jpg 1024w, https:\/\/mantrailing-basel.ch\/wp-content\/uploads\/2023\/03\/107763469_146900020330792_2140215938853377908_n-300x215.jpg 300w, https:\/\/mantrailing-basel.ch\/wp-content\/uploads\/2023\/03\/107763469_146900020330792_2140215938853377908_n-768x551.jpg 768w, https:\/\/mantrailing-basel.ch\/wp-content\/uploads\/2023\/03\/107763469_146900020330792_2140215938853377908_n-1536x1101.jpg 1536w, https:\/\/mantrailing-basel.ch\/wp-content\/uploads\/2023\/03\/107763469_146900020330792_2140215938853377908_n.jpg 1852w\" sizes=\"auto, (max-width: 767px) 89vw, (max-width: 1000px) 54vw, (max-width: 1071px) 543px, 580px\" \/><figcaption class=\"wp-element-caption\">Foto Tina Braun<\/figcaption><\/figure>\n\n\n\n<figure class=\"wp-block-image size-large is-resized\"><img loading=\"lazy\" decoding=\"async\" width=\"1024\" height=\"759\" src=\"https:\/\/www.nasenarbeit-hund.ch\/wp-content\/uploads\/2023\/03\/82307136_145085173845610_2019552765246773220_n-1024x759.jpg\" alt=\"\" class=\"wp-image-635\" style=\"width:469px;height:347px\" srcset=\"https:\/\/mantrailing-basel.ch\/wp-content\/uploads\/2023\/03\/82307136_145085173845610_2019552765246773220_n-1024x759.jpg 1024w, https:\/\/mantrailing-basel.ch\/wp-content\/uploads\/2023\/03\/82307136_145085173845610_2019552765246773220_n-300x222.jpg 300w, https:\/\/mantrailing-basel.ch\/wp-content\/uploads\/2023\/03\/82307136_145085173845610_2019552765246773220_n-768x569.jpg 768w, https:\/\/mantrailing-basel.ch\/wp-content\/uploads\/2023\/03\/82307136_145085173845610_2019552765246773220_n-1536x1139.jpg 1536w, https:\/\/mantrailing-basel.ch\/wp-content\/uploads\/2023\/03\/82307136_145085173845610_2019552765246773220_n.jpg 1636w\" sizes=\"auto, (max-width: 767px) 89vw, (max-width: 1000px) 54vw, (max-width: 1071px) 543px, 580px\" \/><figcaption class=\"wp-element-caption\">Foto Tina Braun<\/figcaption><\/figure>\n\n\n\n<figure class=\"wp-block-image size-large is-resized\"><img loading=\"lazy\" decoding=\"async\" width=\"768\" height=\"1024\" src=\"https:\/\/www.nasenarbeit-hund.ch\/wp-content\/uploads\/2023\/03\/image-20230316-105700-768x1024.jpeg\" alt=\"\" class=\"wp-image-683\" style=\"width:470px;height:626px\" srcset=\"https:\/\/mantrailing-basel.ch\/wp-content\/uploads\/2023\/03\/image-20230316-105700-768x1024.jpeg 768w, https:\/\/mantrailing-basel.ch\/wp-content\/uploads\/2023\/03\/image-20230316-105700-225x300.jpeg 225w, https:\/\/mantrailing-basel.ch\/wp-content\/uploads\/2023\/03\/image-20230316-105700-1152x1536.jpeg 1152w, https:\/\/mantrailing-basel.ch\/wp-content\/uploads\/2023\/03\/image-20230316-105700.jpeg 1200w\" sizes=\"auto, (max-width: 767px) 89vw, (max-width: 1000px) 54vw, (max-width: 1071px) 543px, 580px\" \/><figcaption class=\"wp-element-caption\">Foto Ernst Haas<\/figcaption><\/figure>\n\n\n\n<figure class=\"wp-block-image size-large is-resized\"><img loading=\"lazy\" decoding=\"async\" width=\"1024\" height=\"776\" src=\"https:\/\/mantrailing-basel.ch\/wp-content\/uploads\/2023\/03\/20230314_152700-1024x776.jpg\" alt=\"\" class=\"wp-image-722\" style=\"width:472px;height:357px\" srcset=\"https:\/\/mantrailing-basel.ch\/wp-content\/uploads\/2023\/03\/20230314_152700-1024x776.jpg 1024w, https:\/\/mantrailing-basel.ch\/wp-content\/uploads\/2023\/03\/20230314_152700-300x227.jpg 300w, https:\/\/mantrailing-basel.ch\/wp-content\/uploads\/2023\/03\/20230314_152700-768x582.jpg 768w, https:\/\/mantrailing-basel.ch\/wp-content\/uploads\/2023\/03\/20230314_152700-1536x1164.jpg 1536w, https:\/\/mantrailing-basel.ch\/wp-content\/uploads\/2023\/03\/20230314_152700-2048x1552.jpg 2048w\" sizes=\"auto, (max-width: 767px) 89vw, (max-width: 1000px) 54vw, (max-width: 1071px) 543px, 580px\" \/><figcaption class=\"wp-element-caption\">Foto Tina Braun<\/figcaption><\/figure>\n","protected":false},"excerpt":{"rendered":"<p>Einsteiger und\/oder Fortgeschrittene Hunde M\u00f6chtest du mit&nbsp;Mantrailing starten&nbsp;oder hast du bereits ein paar Erfahrungen und m\u00f6chtest&nbsp;bei uns in regelm\u00e4ssigen, w\u00f6chentlichen Trainings mitmachen?&nbsp;Dann kontaktiere uns am besten, indem du dich zu einem&nbsp;Schnuppertraining&nbsp;anmeldest, damit wir uns gegenseitig &#171;beschnuppern&#187; und kennenlernen k\u00f6nnen. Wir freuen uns auf begeisterungsf\u00e4hige Hund-Mensch-Teams! F\u00fcr unsere Trailing-Teams organisieren wir mehrmals j\u00e4hrlich spezielle TAGES-EVENTS Auf &hellip; <\/p>\n<p class=\"link-more\"><a href=\"https:\/\/mantrailing-basel.ch\/index.php\/mantrailing-einsteiger-und-fortgeschrittene\/\" class=\"more-link\"><span class=\"screen-reader-text\">&#171;Mantrailing Einsteiger und Fortgeschrittene&#187;<\/span> weiterlesen<\/a><\/p>\n","protected":false},"author":3,"featured_media":0,"parent":0,"menu_order":0,"comment_status":"closed","ping_status":"closed","template":"","meta":{"footnotes":""},"class_list":["post-105","page","type-page","status-publish","hentry"],"_links":{"self":[{"href":"https:\/\/mantrailing-basel.ch\/index.php\/wp-json\/wp\/v2\/pages\/105","targetHints":{"allow":["GET"]}}],"collection":[{"href":"https:\/\/mantrailing-basel.ch\/index.php\/wp-json\/wp\/v2\/pages"}],"about":[{"href":"https:\/\/mantrailing-basel.ch\/index.php\/wp-json\/wp\/v2\/types\/page"}],"author":[{"embeddable":true,"href":"https:\/\/mantrailing-basel.ch\/index.php\/wp-json\/wp\/v2\/users\/3"}],"replies":[{"embeddable":true,"href":"https:\/\/mantrailing-basel.ch\/index.php\/wp-json\/wp\/v2\/comments?post=105"}],"version-history":[{"count":23,"href":"https:\/\/mantrailing-basel.ch\/index.php\/wp-json\/wp\/v2\/pages\/105\/revisions"}],"predecessor-version":[{"id":2523,"href":"https:\/\/mantrailing-basel.ch\/index.php\/wp-json\/wp\/v2\/pages\/105\/revisions\/2523"}],"wp:attachment":[{"href":"https:\/\/mantrailing-basel.ch\/index.php\/wp-json\/wp\/v2\/media?parent=105"}],"curies":[{"name":"wp","href":"https:\/\/api.w.org\/{rel}","templated":true}]}}